{"id":7763,"date":"2023-09-27T19:45:23","date_gmt":"2023-09-28T00:45:23","guid":{"rendered":"http:\/\/tcsfuel.com\/fuel-card\/"},"modified":"2025-09-05T16:08:52","modified_gmt":"2025-09-05T21:08:52","slug":"tarjetas","status":"publish","type":"page","link":"https:\/\/www.tcsfuel.com\/es\/tarjetas\/","title":{"rendered":"Tarjetas de combustible"},"content":{"rendered":"<div class=\"wpb-content-wrapper\"><p>[vc_row][vc_column width=&#8221;2\/3&#8243;][vc_row_inner][vc_column_inner][vc_column_text css=&#8221;&#8221;]<\/p>\n<h3>Tarjetas de Combustible<\/h3>\n<p>El combustible es un gasto variable importante para los propietarios-operadores, las peque\u00f1as empresas de transporte por carretera y las flotas. Administrar un presupuesto de combustible es necesario para hacer crecer su negocio, y las tarjetas de combustible di\u00e9sel para camioneros pueden ayudar a los propietarios de negocios a ahorrar dinero y disfrutar de m\u00faltiples beneficios adicionales.<\/p>\n<p>Las tarjetas de combustible para empresas de transporte por carretera son similares a las tarjetas de cr\u00e9dito y d\u00e9bito que se utilizan para otras transacciones financieras. Los conductores los llevan mientras viajan y los insertan en las bombas o se los presentan a un asistente al repostar combustible.[\/vc_column_text][\/vc_column_inner][\/vc_row_inner][\/vc_column][vc_column width=&#8221;1\/3&#8243;][vc_single_image image=&#8221;473&#8243; img_size=&#8221;&#8221; alignment=&#8221;center&#8221; style=&#8221;vc_box_rounded&#8221;][\/vc_column][\/vc_row][vc_row full_width=&#8221;stretch_row&#8221; el_class=&#8221;mt-45&#8243; css=&#8221;.vc_custom_1702317107697{background-color: #ffffff !important;}&#8221;][vc_column width=&#8221;1\/3&#8243;][vc_single_image image=&#8221;64&#8243; img_size=&#8221;full&#8221;][vc_column_text css=&#8221;&#8221;]<\/p>\n<div class=\"business-size-details\">\n<p class=\"business-type\">Propietarios-Operadores<\/p>\n<p><a class=\"business-size-cta\" href=\"https:\/\/www.tcsfuel.com\/es\/tarjetas\/propietarios-operadores\/\">\u00a0<\/a><\/p>\n<\/div>\n<p>[\/vc_column_text][\/vc_column][vc_column width=&#8221;1\/3&#8243;][vc_single_image image=&#8221;71&#8243; img_size=&#8221;full&#8221;][vc_column_text css=&#8221;&#8221;]<\/p>\n<div class=\"business-size-details\">\n<p class=\"business-type\">Peque\u00f1as Empresas de Transporte<\/p>\n<p><a class=\"business-size-cta\" href=\"https:\/\/www.tcsfuel.com\/es\/tarjetas\/empresas-de-camiones\/\">\u00a0<\/a><\/p>\n<\/div>\n<p>[\/vc_column_text][\/vc_column][vc_column width=&#8221;1\/3&#8243;][vc_single_image image=&#8221;72&#8243; img_size=&#8221;full&#8221;][vc_column_text css=&#8221;&#8221;]<\/p>\n<div class=\"business-size-details\">\n<p class=\"business-type\">Flotas de Camiones<\/p>\n<p><a class=\"business-size-cta\" href=\"https:\/\/www.tcsfuel.com\/es\/tarjetas\/flotas\/\">\u00a0<\/a><\/p>\n<\/div>\n<p>[\/vc_column_text][\/vc_column][\/vc_row]<\/p>\n<\/div>","protected":false},"excerpt":{"rendered":"<p>[vc_row][vc_column width=&#8221;2\/3&#8243;][vc_row_inner][vc_column_inner][vc_column_text css=&#8221;&#8221;] Tarjetas de Combustible El combustible es un gasto variable importante para los propietarios-operadores, las peque\u00f1as empresas de transporte por carretera y las flotas. Administrar un presupuesto de combustible es necesario para hacer crecer su negocio, y las tarjetas de combustible di\u00e9sel para camioneros pueden ayudar a los propietarios de negocios a ahorrar [&hellip;]<\/p>\n","protected":false},"author":1,"featured_media":895,"parent":0,"menu_order":0,"comment_status":"closed","ping_status":"closed","template":"","meta":{"_acf_changed":false,"inline_featured_image":false,"footnotes":""},"class_list":["post-7763","page","type-page","status-publish","has-post-thumbnail","hentry"],"acf":[],"yoast_head":"<!-- This site is optimized with the Yoast SEO Premium plugin v27.5 (Yoast SEO v27.5) - https:\/\/yoast.com\/product\/yoast-seo-premium-wordpress\/ -->\n<title>Tarjetas de Combustible en Camiones<\/title>\n<meta name=\"description\" content=\"Obtenga m\u00e1s informaci\u00f3n sobre las tarjetas de combustible y descubra c\u00f3mo pueden ayudarle a ahorrar dinero.\" \/>\n<meta name=\"robots\" content=\"index, follow, max-snippet:-1, max-image-preview:large, max-video-preview:-1\" \/>\n<link rel=\"canonical\" href=\"https:\/\/www.tcsfuel.com\/es\/tarjetas\/\" \/>\n<meta property=\"og:locale\" content=\"es_ES\" \/>\n<meta property=\"og:type\" content=\"article\" \/>\n<meta property=\"og:title\" content=\"Tarjetas de combustible\" \/>\n<meta property=\"og:description\" content=\"Obtenga m\u00e1s informaci\u00f3n sobre las tarjetas de combustible y descubra c\u00f3mo pueden ayudarle a ahorrar dinero.\" \/>\n<meta property=\"og:url\" content=\"https:\/\/www.tcsfuel.com\/es\/tarjetas\/\" \/>\n<meta property=\"og:site_name\" content=\"TCS Fuel Card | TransConnect Services\" \/>\n<meta property=\"article:publisher\" content=\"https:\/\/www.facebook.com\/TCSFuel\/\" \/>\n<meta property=\"article:modified_time\" content=\"2025-09-05T21:08:52+00:00\" \/>\n<meta property=\"og:image\" content=\"https:\/\/www.tcsfuel.com\/wp-content\/uploads\/2023\/10\/Rectangle-69.png\" \/>\n\t<meta property=\"og:image:width\" content=\"370\" \/>\n\t<meta property=\"og:image:height\" content=\"233\" \/>\n\t<meta property=\"og:image:type\" content=\"image\/png\" \/>\n<meta name=\"twitter:card\" content=\"summary_large_image\" \/>\n<meta name=\"twitter:site\" content=\"@TCSFuel\" \/>\n<meta name=\"twitter:label1\" content=\"Tiempo de lectura\" \/>\n\t<meta name=\"twitter:data1\" content=\"2 minutos\" \/>\n<script type=\"application\/ld+json\" class=\"yoast-schema-graph\">{\"@context\":\"https:\\\/\\\/schema.org\",\"@graph\":[{\"@type\":\"WebPage\",\"@id\":\"https:\\\/\\\/www.tcsfuel.com\\\/es\\\/tarjetas\\\/\",\"url\":\"https:\\\/\\\/www.tcsfuel.com\\\/es\\\/tarjetas\\\/\",\"name\":\"Tarjetas de Combustible en Camiones\",\"isPartOf\":{\"@id\":\"https:\\\/\\\/www.tcsfuel.com\\\/es\\\/#website\"},\"primaryImageOfPage\":{\"@id\":\"https:\\\/\\\/www.tcsfuel.com\\\/es\\\/tarjetas\\\/#primaryimage\"},\"image\":{\"@id\":\"https:\\\/\\\/www.tcsfuel.com\\\/es\\\/tarjetas\\\/#primaryimage\"},\"thumbnailUrl\":\"https:\\\/\\\/www.tcsfuel.com\\\/wp-content\\\/uploads\\\/2023\\\/10\\\/Rectangle-69.png\",\"datePublished\":\"2023-09-28T00:45:23+00:00\",\"dateModified\":\"2025-09-05T21:08:52+00:00\",\"description\":\"Obtenga m\u00e1s informaci\u00f3n sobre las tarjetas de combustible y descubra c\u00f3mo pueden ayudarle a ahorrar dinero.\",\"breadcrumb\":{\"@id\":\"https:\\\/\\\/www.tcsfuel.com\\\/es\\\/tarjetas\\\/#breadcrumb\"},\"inLanguage\":\"es\",\"potentialAction\":[{\"@type\":\"ReadAction\",\"target\":[\"https:\\\/\\\/www.tcsfuel.com\\\/es\\\/tarjetas\\\/\"]}]},{\"@type\":\"ImageObject\",\"inLanguage\":\"es\",\"@id\":\"https:\\\/\\\/www.tcsfuel.com\\\/es\\\/tarjetas\\\/#primaryimage\",\"url\":\"https:\\\/\\\/www.tcsfuel.com\\\/wp-content\\\/uploads\\\/2023\\\/10\\\/Rectangle-69.png\",\"contentUrl\":\"https:\\\/\\\/www.tcsfuel.com\\\/wp-content\\\/uploads\\\/2023\\\/10\\\/Rectangle-69.png\",\"width\":370,\"height\":233,\"caption\":\"Man holding TCS fuel card at a truck stop\"},{\"@type\":\"BreadcrumbList\",\"@id\":\"https:\\\/\\\/www.tcsfuel.com\\\/es\\\/tarjetas\\\/#breadcrumb\",\"itemListElement\":[{\"@type\":\"ListItem\",\"position\":1,\"name\":\"Home\",\"item\":\"https:\\\/\\\/www.tcsfuel.com\\\/es\\\/\"},{\"@type\":\"ListItem\",\"position\":2,\"name\":\"Tarjetas de combustible\"}]},{\"@type\":\"WebSite\",\"@id\":\"https:\\\/\\\/www.tcsfuel.com\\\/es\\\/#website\",\"url\":\"https:\\\/\\\/www.tcsfuel.com\\\/es\\\/\",\"name\":\"TCS Fuel Card | Diesel Fuel Discounts for Truckers & Fleets\",\"description\":\"Fuel Cards &amp; Diesel Discounts for Truckers &amp; Trucking Companies\",\"publisher\":{\"@id\":\"https:\\\/\\\/www.tcsfuel.com\\\/es\\\/#organization\"},\"alternateName\":\"TransConnect Services for Trucking Companies\",\"potentialAction\":[{\"@type\":\"SearchAction\",\"target\":{\"@type\":\"EntryPoint\",\"urlTemplate\":\"https:\\\/\\\/www.tcsfuel.com\\\/es\\\/?s={search_term_string}\"},\"query-input\":{\"@type\":\"PropertyValueSpecification\",\"valueRequired\":true,\"valueName\":\"search_term_string\"}}],\"inLanguage\":\"es\"},{\"@type\":\"Organization\",\"@id\":\"https:\\\/\\\/www.tcsfuel.com\\\/es\\\/#organization\",\"name\":\"TCS Fuel\",\"alternateName\":\"TransConnect Services\",\"url\":\"https:\\\/\\\/www.tcsfuel.com\\\/es\\\/\",\"logo\":{\"@type\":\"ImageObject\",\"inLanguage\":\"es\",\"@id\":\"https:\\\/\\\/www.tcsfuel.com\\\/es\\\/#\\\/schema\\\/logo\\\/image\\\/\",\"url\":\"https:\\\/\\\/www.tcsfuel.com\\\/wp-content\\\/uploads\\\/2024\\\/01\\\/logo.jpg\",\"contentUrl\":\"https:\\\/\\\/www.tcsfuel.com\\\/wp-content\\\/uploads\\\/2024\\\/01\\\/logo.jpg\",\"width\":1200,\"height\":628,\"caption\":\"TCS Fuel\"},\"image\":{\"@id\":\"https:\\\/\\\/www.tcsfuel.com\\\/es\\\/#\\\/schema\\\/logo\\\/image\\\/\"},\"sameAs\":[\"https:\\\/\\\/www.facebook.com\\\/TCSFuel\\\/\",\"https:\\\/\\\/x.com\\\/TCSFuel\",\"https:\\\/\\\/www.linkedin.com\\\/company\\\/tcsfuel\\\/\",\"https:\\\/\\\/www.instagram.com\\\/tcsfuel\"],\"description\":\"TCS offers truckers and trucking companies ways to save on fuel, service, and other expenses with the TCS fuel card and diesel fuel discounts.\",\"email\":\"info@tcsfuel.com\",\"legalName\":\"TransConnect Partner Solutions, Inc.\",\"foundingDate\":\"2014-01-01\",\"numberOfEmployees\":{\"@type\":\"QuantitativeValue\",\"minValue\":\"51\",\"maxValue\":\"200\"}}]}<\/script>\n<!-- \/ Yoast SEO Premium plugin. -->","yoast_head_json":{"title":"Tarjetas de Combustible en Camiones","description":"Obtenga m\u00e1s informaci\u00f3n sobre las tarjetas de combustible y descubra c\u00f3mo pueden ayudarle a ahorrar dinero.","robots":{"index":"index","follow":"follow","max-snippet":"max-snippet:-1","max-image-preview":"max-image-preview:large","max-video-preview":"max-video-preview:-1"},"canonical":"https:\/\/www.tcsfuel.com\/es\/tarjetas\/","og_locale":"es_ES","og_type":"article","og_title":"Tarjetas de combustible","og_description":"Obtenga m\u00e1s informaci\u00f3n sobre las tarjetas de combustible y descubra c\u00f3mo pueden ayudarle a ahorrar dinero.","og_url":"https:\/\/www.tcsfuel.com\/es\/tarjetas\/","og_site_name":"TCS Fuel Card | TransConnect Services","article_publisher":"https:\/\/www.facebook.com\/TCSFuel\/","article_modified_time":"2025-09-05T21:08:52+00:00","og_image":[{"width":370,"height":233,"url":"https:\/\/www.tcsfuel.com\/wp-content\/uploads\/2023\/10\/Rectangle-69.png","type":"image\/png"}],"twitter_card":"summary_large_image","twitter_site":"@TCSFuel","twitter_misc":{"Tiempo de lectura":"2 minutos"},"schema":{"@context":"https:\/\/schema.org","@graph":[{"@type":"WebPage","@id":"https:\/\/www.tcsfuel.com\/es\/tarjetas\/","url":"https:\/\/www.tcsfuel.com\/es\/tarjetas\/","name":"Tarjetas de Combustible en Camiones","isPartOf":{"@id":"https:\/\/www.tcsfuel.com\/es\/#website"},"primaryImageOfPage":{"@id":"https:\/\/www.tcsfuel.com\/es\/tarjetas\/#primaryimage"},"image":{"@id":"https:\/\/www.tcsfuel.com\/es\/tarjetas\/#primaryimage"},"thumbnailUrl":"https:\/\/www.tcsfuel.com\/wp-content\/uploads\/2023\/10\/Rectangle-69.png","datePublished":"2023-09-28T00:45:23+00:00","dateModified":"2025-09-05T21:08:52+00:00","description":"Obtenga m\u00e1s informaci\u00f3n sobre las tarjetas de combustible y descubra c\u00f3mo pueden ayudarle a ahorrar dinero.","breadcrumb":{"@id":"https:\/\/www.tcsfuel.com\/es\/tarjetas\/#breadcrumb"},"inLanguage":"es","potentialAction":[{"@type":"ReadAction","target":["https:\/\/www.tcsfuel.com\/es\/tarjetas\/"]}]},{"@type":"ImageObject","inLanguage":"es","@id":"https:\/\/www.tcsfuel.com\/es\/tarjetas\/#primaryimage","url":"https:\/\/www.tcsfuel.com\/wp-content\/uploads\/2023\/10\/Rectangle-69.png","contentUrl":"https:\/\/www.tcsfuel.com\/wp-content\/uploads\/2023\/10\/Rectangle-69.png","width":370,"height":233,"caption":"Man holding TCS fuel card at a truck stop"},{"@type":"BreadcrumbList","@id":"https:\/\/www.tcsfuel.com\/es\/tarjetas\/#breadcrumb","itemListElement":[{"@type":"ListItem","position":1,"name":"Home","item":"https:\/\/www.tcsfuel.com\/es\/"},{"@type":"ListItem","position":2,"name":"Tarjetas de combustible"}]},{"@type":"WebSite","@id":"https:\/\/www.tcsfuel.com\/es\/#website","url":"https:\/\/www.tcsfuel.com\/es\/","name":"TCS Fuel Card | Diesel Fuel Discounts for Truckers & Fleets","description":"Fuel Cards &amp; Diesel Discounts for Truckers &amp; Trucking Companies","publisher":{"@id":"https:\/\/www.tcsfuel.com\/es\/#organization"},"alternateName":"TransConnect Services for Trucking Companies","potentialAction":[{"@type":"SearchAction","target":{"@type":"EntryPoint","urlTemplate":"https:\/\/www.tcsfuel.com\/es\/?s={search_term_string}"},"query-input":{"@type":"PropertyValueSpecification","valueRequired":true,"valueName":"search_term_string"}}],"inLanguage":"es"},{"@type":"Organization","@id":"https:\/\/www.tcsfuel.com\/es\/#organization","name":"TCS Fuel","alternateName":"TransConnect Services","url":"https:\/\/www.tcsfuel.com\/es\/","logo":{"@type":"ImageObject","inLanguage":"es","@id":"https:\/\/www.tcsfuel.com\/es\/#\/schema\/logo\/image\/","url":"https:\/\/www.tcsfuel.com\/wp-content\/uploads\/2024\/01\/logo.jpg","contentUrl":"https:\/\/www.tcsfuel.com\/wp-content\/uploads\/2024\/01\/logo.jpg","width":1200,"height":628,"caption":"TCS Fuel"},"image":{"@id":"https:\/\/www.tcsfuel.com\/es\/#\/schema\/logo\/image\/"},"sameAs":["https:\/\/www.facebook.com\/TCSFuel\/","https:\/\/x.com\/TCSFuel","https:\/\/www.linkedin.com\/company\/tcsfuel\/","https:\/\/www.instagram.com\/tcsfuel"],"description":"TCS offers truckers and trucking companies ways to save on fuel, service, and other expenses with the TCS fuel card and diesel fuel discounts.","email":"info@tcsfuel.com","legalName":"TransConnect Partner Solutions, Inc.","foundingDate":"2014-01-01","numberOfEmployees":{"@type":"QuantitativeValue","minValue":"51","maxValue":"200"}}]}},"_links":{"self":[{"href":"https:\/\/www.tcsfuel.com\/es\/wp-json\/wp\/v2\/pages\/7763","targetHints":{"allow":["GET"]}}],"collection":[{"href":"https:\/\/www.tcsfuel.com\/es\/wp-json\/wp\/v2\/pages"}],"about":[{"href":"https:\/\/www.tcsfuel.com\/es\/wp-json\/wp\/v2\/types\/page"}],"author":[{"embeddable":true,"href":"https:\/\/www.tcsfuel.com\/es\/wp-json\/wp\/v2\/users\/1"}],"replies":[{"embeddable":true,"href":"https:\/\/www.tcsfuel.com\/es\/wp-json\/wp\/v2\/comments?post=7763"}],"version-history":[{"count":0,"href":"https:\/\/www.tcsfuel.com\/es\/wp-json\/wp\/v2\/pages\/7763\/revisions"}],"wp:featuredmedia":[{"embeddable":true,"href":"https:\/\/www.tcsfuel.com\/es\/wp-json\/wp\/v2\/media\/895"}],"wp:attachment":[{"href":"https:\/\/www.tcsfuel.com\/es\/wp-json\/wp\/v2\/media?parent=7763"}],"curies":[{"name":"wp","href":"https:\/\/api.w.org\/{rel}","templated":true}]}}