{"id":7761,"date":"2023-09-27T20:47:42","date_gmt":"2023-09-28T01:47:42","guid":{"rendered":"http:\/\/tcsfuel.com\/small-trucking-companies\/"},"modified":"2025-10-17T12:29:05","modified_gmt":"2025-10-17T17:29:05","slug":"empresas-de-camiones","status":"publish","type":"page","link":"https:\/\/www.tcsfuel.com\/es\/tarjetas\/empresas-de-camiones\/","title":{"rendered":"Tarjeta de Combustible Para Peque\u00f1as Empresas de Transporte"},"content":{"rendered":"<div class=\"wpb-content-wrapper\"><p>[vc_row el_class=&#8221;mb-85&#8243;][vc_column width=&#8221;1\/2&#8243;][vc_column_text]<\/p>\n<h2 class=\"section-heading-two mb-40\">TCS es la Tarjeta de Combustible para su Peque\u00f1a Empresa de Transporte<\/h2>\n<p class=\"content-font-size-large\">La <strong>tarjeta de combustible TCS<\/strong> fue creada con una sola misi\u00f3n, para nivelar el campo entre todas las empresas de transporte. Creemos en darle a todos el acceso a los mismos grandes descuentos de combustible, sin importar cu\u00e1ntos camiones tengan. \u00bfQu\u00e9 hace que TCS sea la mejor tarjeta de combustible para peque\u00f1as empresas de transporte? Le diremos.<\/p>\n<p class=\"content-font-size-large mb-40\">Todas las dem\u00e1s compa\u00f1\u00edas de tarjetas de combustible contin\u00faan aumentando sus tarifas. TCS sigue totalmente comprometido a brindarle los mejores descuentos posibles que podemos ofrecer en diesel. Todav\u00eda ofrecemos costos bajos y justos para su tarjeta de combustible, sin importar el tama\u00f1o de su flota, <em>y lo estamos manteniendo as\u00ed.<\/em><\/p>\n<p><a href=\"https:\/\/apply.transconnectservices.com\/#\/Apply?target=referral&amp;key=MARK\" class=\"theme-btn theme-btn-black cta\"><span>Obtenga la tarjeta de combustible TCS<\/span><\/a>[\/vc_column_text][\/vc_column][vc_column width=&#8221;1\/2&#8243;][vc_single_image image=&#8221;1227&#8243; img_size=&#8221;full&#8221;][\/vc_column][\/vc_row][vc_row full_width=&#8221;stretch_row&#8221; el_class=&#8221;pt-165 arrow-bg-right&#8221; css=&#8221;.vc_custom_1725458616656{background-image: url(https:\/\/www.tcsfuel.com\/wp-content\/uploads\/2024\/03\/grey-fold-1920-973a.png?id=189) !important;background-position: 0 0 !important;background-repeat: no-repeat !important;}&#8221; el_id=&#8221;why-use-fuel-cards&#8221;][vc_column][vc_column_text css=&#8221;&#8221;]<\/p>\n<h2 class=\"section-heading-two mb-40\">Nunca te Pierdas los Mejores Descuentos de Combustible<\/h2>\n<p class=\"content-font-size-large\">Ahorre mucho por gal\u00f3n en m\u00e1s de 2,300 paradas de camiones dentro de la red en todo el pa\u00eds, incluso TA<sup>\u00ae<\/sup>, Petro Stopping Centers<sup>\u00ae<\/sup>, TA Express<sup>\u00ae<\/sup>, AMBEST, 7FLEET Diesel Network, Casey\u2019s, Irving Oil, Kwik Trip, Kwik Star, Maverik, Sapp Bros, Road Ranger, y m\u00e1s.<\/p>\n<p class=\"content-font-size-large mb-40\">Administrar los costos de combustible siendo una peque\u00f1a empresa de transporte es importante, pero tambi\u00e9n puede ser un desaf\u00edo. \u00bfC\u00f3mo sabes si est\u00e1s obteniendo los mejores precios de combustible? Con el TCS Fuel Finder, nuestro buscador de combustible, nunca tiene que preguntarse si est\u00e1 perdiendo un gran ahorro de combustible. Nuestro buscador de combustible es un mapa interactivo que le muestra los mejores precios de combustible en su \u00e1rea o en una ruta. Puede acceder el Fuel Finder en la <a href=\"..\/es\/tools\/aplicacion-movil-de-tcs\/\">aplicaci\u00f3n m\u00f3vil gratuita de TCS<\/a> o el portal de administraci\u00f3n en l\u00ednea, <a href=\"..\/es\/utilidades\/el-sitio-web-de-tcs\/\">el sitio web de TCS<\/a>. El buscador de combustible hace que la parada de combustible sea f\u00e1cil para usted y sus conductores.<\/p>\n<p>[\/vc_column_text][\/vc_column][vc_column][vc_single_image image=&#8221;1224&#8243; img_size=&#8221;full&#8221;][\/vc_column][\/vc_row][vc_row el_class=&#8221;mb-85&#8243;][vc_column][vc_single_image image=&#8221;10334&#8243; img_size=&#8221;full&#8221; css=&#8221;.vc_custom_1736178567902{padding-bottom: 25px !important;}&#8221;][\/vc_column][\/vc_row][vc_row full_width=&#8221;stretch_row&#8221; css=&#8221;.vc_custom_1725458629768{background-image: url(https:\/\/www.tcsfuel.com\/wp-content\/uploads\/2024\/03\/Vector-5.png?id=209) !important;background-position: center !important;background-repeat: no-repeat !important;background-size: cover !important;}&#8221; el_class=&#8221;pt-165 pb-85&#8243; el_id=&#8221;fleet-card-benefits&#8221;][vc_column width=&#8221;2\/3&#8243; offset=&#8221;vc_col-sm-offset-2&#8243;][vc_column_text]<\/p>\n<h2 class=\"section-heading-two mb-30 text-center text-white\">Todo lo que puede hacer con una tarjeta de combustible TCS<\/h2>\n<p class=\"content-font-size-large text-center text-white\">Las tarjetas de combustible TCS para peque\u00f1as empresas de transporte est\u00e1n dise\u00f1adas para simplificar las operaciones. Explore las numerosas funciones que hacen que su peque\u00f1a empresa sea m\u00e1s f\u00e1cil de administrar.<\/p>\n<p>[\/vc_column_text][\/vc_column][vc_column width=&#8221;1\/2&#8243; offset=&#8221;vc_col-md-4&#8243;][vc_single_image image=&#8221;220&#8243; img_size=&#8221;full&#8221;][vc_column_text]<\/p>\n<h3 class=\"section-heading-three mb-30 gold-color-content\">Administre Combustible 24 Horas al D\u00eda, 365 D\u00edas al A\u00f1o<\/h3>\n<p class=\"content-silver-color\">Cuando dirige una peque\u00f1a empresa de transporte, siempre est\u00e1 en el reloj y necesita una tarjeta de combustible que trabaje tan duro como usted. La <strong>tarjeta de combustible de TCS<\/strong> brinda asistencia al cliente las 24 horas al d\u00eda y los 365 d\u00edas al a\u00f1o para ayudarlo cuando y donde lo necesite.<\/p>\n<p class=\"content-silver-color\">El control de su tarjeta de combustible es r\u00e1pido y f\u00e1cil con el portal de administraci\u00f3n en l\u00ednea, el sitio web de TCS, y la aplicaci\u00f3n m\u00f3vil gratuita de TCS. Ambos proporcionan una vista completa de su cuenta en cualquier momento<\/p>\n<p>[\/vc_column_text][\/vc_column][vc_column width=&#8221;1\/2&#8243; offset=&#8221;vc_col-md-4&#8243;][vc_single_image image=&#8221;212&#8243; img_size=&#8221;full&#8221;][vc_column_text css=&#8221;&#8221;]<\/p>\n<h3 class=\"section-heading-three mb-30 gold-color-content\">Cargos Bajos de Transacciones<\/h3>\n<p class=\"content-silver-color\">Cuando decimos que tenemos tarifas de transacci\u00f3n bajas, hablamos en serio. No consiguen m\u00e1s bajos que cero. As\u00ed es, la <strong>tarjeta de combustible de TCS<\/strong> no tiene comisiones de transacci\u00f3n cuando compre diesel en m\u00e1s de 2,300 de nuestras ubicaciones dentro de la red. \u00a1Eso es m\u00e1s dinero en su bolsillo!<\/p>\n<p>[\/vc_column_text][\/vc_column][vc_column width=&#8221;1\/2&#8243; offset=&#8221;vc_col-md-4&#8243;][vc_single_image image=&#8221;219&#8243; img_size=&#8221;full&#8221;][vc_column_text]<\/p>\n<h3 class=\"section-heading-three mb-30 gold-color-content\">Descuentos de Servicio y Llantas<\/h3>\n<p class=\"content-silver-color\">Las empresas de transporte peque\u00f1as no tienen el tiempo ni los recursos para esperar o posponer el mantenimiento y servicio necesario. TCS es una tarjeta de combustible para camiones, es por eso que ofrecemos descuentos en <strong>mantenimiento preventivo, cambios de aceite, llantas y m\u00e1s<\/strong> en las instalaciones ubicadas de TA Truck Service\u00ae en todo el pa\u00eds. Aqu\u00ed estamos para ayudarle a usted y a los conductores de su cami\u00f3n a entrar, salir y volver a la carretera despu\u00e9s de realizar el mantenimiento o las reparaciones.<\/p>\n<p>[\/vc_column_text][\/vc_column][\/vc_row][vc_row full_width=&#8221;stretch_row&#8221; content_placement=&#8221;middle&#8221; el_class=&#8221;arrow-bg-right pt-10 pb-20&#8243; css=&#8221;.vc_custom_1693867722016{background-color: #ebebeb !important;}&#8221; el_id=&#8221;post-footer&#8221;][vc_column offset=&#8221;vc_col-md-7&#8243;][vc_single_image image=&#8221;1113&#8243; img_size=&#8221;full&#8221;][\/vc_column][vc_column offset=&#8221;vc_col-md-5&#8243;][vc_column_text]<\/p>\n<h3 class=\"section-heading-one mb-50\">\u00bfEst\u00e1s Listo Para Obtener La Mejor Tarjeta De Combustible Para Camioneros?<\/h3>\n<div class=\"mb-50\">\n<p class=\"content-font-size-larger mb-0\">Ll\u00e1menos hoy:<\/p>\n<h5 class=\"section-heading-two\"><a href=\"tel:844-827-7705\">844-827-7705<\/a><\/h5>\n<\/div>\n<p><a href=\"https:\/\/apply.transconnectservices.com\/#\/Apply?target=referral&amp;key=MARK\" class=\"theme-btn theme-btn-black cta\"><span>Obtenga la tarjeta de combustible TCS<\/span><\/a>[\/vc_column_text][\/vc_column][\/vc_row]<\/p>\n<\/div>","protected":false},"excerpt":{"rendered":"<p>[vc_row el_class=&#8221;mb-85&#8243;][vc_column width=&#8221;1\/2&#8243;][vc_column_text] TCS es la Tarjeta de Combustible para su Peque\u00f1a Empresa de Transporte La tarjeta de combustible TCS fue creada con una sola misi\u00f3n, para nivelar el campo entre todas las empresas de transporte. Creemos en darle a todos el acceso a los mismos grandes descuentos de combustible, sin importar cu\u00e1ntos camiones tengan. [&hellip;]<\/p>\n","protected":false},"author":5,"featured_media":895,"parent":7763,"menu_order":0,"comment_status":"closed","ping_status":"closed","template":"","meta":{"_acf_changed":false,"inline_featured_image":false,"footnotes":""},"class_list":["post-7761","page","type-page","status-publish","has-post-thumbnail","hentry"],"acf":[],"yoast_head":"<!-- This site is optimized with the Yoast SEO Premium plugin v27.4 (Yoast SEO v27.4) - https:\/\/yoast.com\/product\/yoast-seo-premium-wordpress\/ -->\n<title>Tarjeta de Combustible para Peque\u00f1as Empresas de Transporte<\/title>\n<meta name=\"description\" content=\"Ahorre en combustible con la tarjeta TCS para peque\u00f1as empresas de transporte. Descuentos en 2,300+ paradas y servicio 24\/7.\" \/>\n<meta name=\"robots\" content=\"index, follow, max-snippet:-1, max-image-preview:large, max-video-preview:-1\" \/>\n<link rel=\"canonical\" href=\"https:\/\/www.tcsfuel.com\/es\/tarjetas\/empresas-de-camiones\/\" \/>\n<meta property=\"og:locale\" content=\"es_ES\" \/>\n<meta property=\"og:type\" content=\"article\" \/>\n<meta property=\"og:title\" content=\"Tarjeta de Combustible Para Peque\u00f1as Empresas de Transporte\" \/>\n<meta property=\"og:description\" content=\"Ahorre en combustible con la tarjeta TCS para peque\u00f1as empresas de transporte. Descuentos en 2,300+ paradas y servicio 24\/7.\" \/>\n<meta property=\"og:url\" content=\"https:\/\/www.tcsfuel.com\/es\/tarjetas\/empresas-de-camiones\/\" \/>\n<meta property=\"og:site_name\" content=\"TCS Fuel Card | TransConnect Services\" \/>\n<meta property=\"article:publisher\" content=\"https:\/\/www.facebook.com\/TCSFuel\/\" \/>\n<meta property=\"article:modified_time\" content=\"2025-10-17T17:29:05+00:00\" \/>\n<meta property=\"og:image\" content=\"https:\/\/www.tcsfuel.com\/wp-content\/uploads\/2023\/11\/Man-holdig-fuelcard-1-1.png\" \/>\n\t<meta property=\"og:image:width\" content=\"500\" \/>\n\t<meta property=\"og:image:height\" content=\"500\" \/>\n\t<meta property=\"og:image:type\" content=\"image\/png\" \/>\n<meta name=\"twitter:card\" content=\"summary_large_image\" \/>\n<meta name=\"twitter:site\" content=\"@TCSFuel\" \/>\n<meta name=\"twitter:label1\" content=\"Tiempo de lectura\" \/>\n\t<meta name=\"twitter:data1\" content=\"5 minutos\" \/>\n<script type=\"application\/ld+json\" class=\"yoast-schema-graph\">{\"@context\":\"https:\\\/\\\/schema.org\",\"@graph\":[{\"@type\":\"WebPage\",\"@id\":\"https:\\\/\\\/www.tcsfuel.com\\\/es\\\/tarjetas\\\/empresas-de-camiones\\\/\",\"url\":\"https:\\\/\\\/www.tcsfuel.com\\\/es\\\/tarjetas\\\/empresas-de-camiones\\\/\",\"name\":\"Tarjeta de Combustible para Peque\u00f1as Empresas de Transporte\",\"isPartOf\":{\"@id\":\"https:\\\/\\\/www.tcsfuel.com\\\/es\\\/#website\"},\"primaryImageOfPage\":{\"@id\":\"https:\\\/\\\/www.tcsfuel.com\\\/es\\\/tarjetas\\\/empresas-de-camiones\\\/#primaryimage\"},\"image\":{\"@id\":\"https:\\\/\\\/www.tcsfuel.com\\\/es\\\/tarjetas\\\/empresas-de-camiones\\\/#primaryimage\"},\"thumbnailUrl\":\"https:\\\/\\\/www.tcsfuel.com\\\/wp-content\\\/uploads\\\/2023\\\/10\\\/Rectangle-69.png\",\"datePublished\":\"2023-09-28T01:47:42+00:00\",\"dateModified\":\"2025-10-17T17:29:05+00:00\",\"description\":\"Ahorre en combustible con la tarjeta TCS para peque\u00f1as empresas de transporte. Descuentos en 2,300+ paradas y servicio 24\\\/7.\",\"breadcrumb\":{\"@id\":\"https:\\\/\\\/www.tcsfuel.com\\\/es\\\/tarjetas\\\/empresas-de-camiones\\\/#breadcrumb\"},\"inLanguage\":\"es\",\"potentialAction\":[{\"@type\":\"ReadAction\",\"target\":[\"https:\\\/\\\/www.tcsfuel.com\\\/es\\\/tarjetas\\\/empresas-de-camiones\\\/\"]}]},{\"@type\":\"ImageObject\",\"inLanguage\":\"es\",\"@id\":\"https:\\\/\\\/www.tcsfuel.com\\\/es\\\/tarjetas\\\/empresas-de-camiones\\\/#primaryimage\",\"url\":\"https:\\\/\\\/www.tcsfuel.com\\\/wp-content\\\/uploads\\\/2023\\\/10\\\/Rectangle-69.png\",\"contentUrl\":\"https:\\\/\\\/www.tcsfuel.com\\\/wp-content\\\/uploads\\\/2023\\\/10\\\/Rectangle-69.png\",\"width\":370,\"height\":233,\"caption\":\"Man holding TCS fuel card at a truck stop\"},{\"@type\":\"BreadcrumbList\",\"@id\":\"https:\\\/\\\/www.tcsfuel.com\\\/es\\\/tarjetas\\\/empresas-de-camiones\\\/#breadcrumb\",\"itemListElement\":[{\"@type\":\"ListItem\",\"position\":1,\"name\":\"Home\",\"item\":\"https:\\\/\\\/www.tcsfuel.com\\\/es\\\/\"},{\"@type\":\"ListItem\",\"position\":2,\"name\":\"Tarjetas de combustible\",\"item\":\"https:\\\/\\\/www.tcsfuel.com\\\/es\\\/tarjetas\\\/\"},{\"@type\":\"ListItem\",\"position\":3,\"name\":\"Tarjeta de Combustible Para Peque\u00f1as Empresas de Transporte\"}]},{\"@type\":\"WebSite\",\"@id\":\"https:\\\/\\\/www.tcsfuel.com\\\/es\\\/#website\",\"url\":\"https:\\\/\\\/www.tcsfuel.com\\\/es\\\/\",\"name\":\"TCS Fuel Card | Diesel Fuel Discounts for Truckers & Fleets\",\"description\":\"Fuel Cards &amp; Diesel Discounts for Truckers &amp; Trucking Companies\",\"publisher\":{\"@id\":\"https:\\\/\\\/www.tcsfuel.com\\\/es\\\/#organization\"},\"alternateName\":\"TransConnect Services for Trucking Companies\",\"potentialAction\":[{\"@type\":\"SearchAction\",\"target\":{\"@type\":\"EntryPoint\",\"urlTemplate\":\"https:\\\/\\\/www.tcsfuel.com\\\/es\\\/?s={search_term_string}\"},\"query-input\":{\"@type\":\"PropertyValueSpecification\",\"valueRequired\":true,\"valueName\":\"search_term_string\"}}],\"inLanguage\":\"es\"},{\"@type\":\"Organization\",\"@id\":\"https:\\\/\\\/www.tcsfuel.com\\\/es\\\/#organization\",\"name\":\"TCS Fuel\",\"alternateName\":\"TransConnect Services\",\"url\":\"https:\\\/\\\/www.tcsfuel.com\\\/es\\\/\",\"logo\":{\"@type\":\"ImageObject\",\"inLanguage\":\"es\",\"@id\":\"https:\\\/\\\/www.tcsfuel.com\\\/es\\\/#\\\/schema\\\/logo\\\/image\\\/\",\"url\":\"https:\\\/\\\/www.tcsfuel.com\\\/wp-content\\\/uploads\\\/2024\\\/01\\\/logo.jpg\",\"contentUrl\":\"https:\\\/\\\/www.tcsfuel.com\\\/wp-content\\\/uploads\\\/2024\\\/01\\\/logo.jpg\",\"width\":1200,\"height\":628,\"caption\":\"TCS Fuel\"},\"image\":{\"@id\":\"https:\\\/\\\/www.tcsfuel.com\\\/es\\\/#\\\/schema\\\/logo\\\/image\\\/\"},\"sameAs\":[\"https:\\\/\\\/www.facebook.com\\\/TCSFuel\\\/\",\"https:\\\/\\\/x.com\\\/TCSFuel\",\"https:\\\/\\\/www.linkedin.com\\\/company\\\/tcsfuel\\\/\",\"https:\\\/\\\/www.instagram.com\\\/tcsfuel\"],\"description\":\"TCS offers truckers and trucking companies ways to save on fuel, service, and other expenses with the TCS fuel card and diesel fuel discounts.\",\"email\":\"info@tcsfuel.com\",\"legalName\":\"TransConnect Partner Solutions, Inc.\",\"foundingDate\":\"2014-01-01\",\"numberOfEmployees\":{\"@type\":\"QuantitativeValue\",\"minValue\":\"51\",\"maxValue\":\"200\"}}]}<\/script>\n<!-- \/ Yoast SEO Premium plugin. -->","yoast_head_json":{"title":"Tarjeta de Combustible para Peque\u00f1as Empresas de Transporte","description":"Ahorre en combustible con la tarjeta TCS para peque\u00f1as empresas de transporte. Descuentos en 2,300+ paradas y servicio 24\/7.","robots":{"index":"index","follow":"follow","max-snippet":"max-snippet:-1","max-image-preview":"max-image-preview:large","max-video-preview":"max-video-preview:-1"},"canonical":"https:\/\/www.tcsfuel.com\/es\/tarjetas\/empresas-de-camiones\/","og_locale":"es_ES","og_type":"article","og_title":"Tarjeta de Combustible Para Peque\u00f1as Empresas de Transporte","og_description":"Ahorre en combustible con la tarjeta TCS para peque\u00f1as empresas de transporte. Descuentos en 2,300+ paradas y servicio 24\/7.","og_url":"https:\/\/www.tcsfuel.com\/es\/tarjetas\/empresas-de-camiones\/","og_site_name":"TCS Fuel Card | TransConnect Services","article_publisher":"https:\/\/www.facebook.com\/TCSFuel\/","article_modified_time":"2025-10-17T17:29:05+00:00","og_image":[{"width":500,"height":500,"url":"https:\/\/www.tcsfuel.com\/wp-content\/uploads\/2023\/11\/Man-holdig-fuelcard-1-1.png","type":"image\/png"}],"twitter_card":"summary_large_image","twitter_site":"@TCSFuel","twitter_misc":{"Tiempo de lectura":"5 minutos"},"schema":{"@context":"https:\/\/schema.org","@graph":[{"@type":"WebPage","@id":"https:\/\/www.tcsfuel.com\/es\/tarjetas\/empresas-de-camiones\/","url":"https:\/\/www.tcsfuel.com\/es\/tarjetas\/empresas-de-camiones\/","name":"Tarjeta de Combustible para Peque\u00f1as Empresas de Transporte","isPartOf":{"@id":"https:\/\/www.tcsfuel.com\/es\/#website"},"primaryImageOfPage":{"@id":"https:\/\/www.tcsfuel.com\/es\/tarjetas\/empresas-de-camiones\/#primaryimage"},"image":{"@id":"https:\/\/www.tcsfuel.com\/es\/tarjetas\/empresas-de-camiones\/#primaryimage"},"thumbnailUrl":"https:\/\/www.tcsfuel.com\/wp-content\/uploads\/2023\/10\/Rectangle-69.png","datePublished":"2023-09-28T01:47:42+00:00","dateModified":"2025-10-17T17:29:05+00:00","description":"Ahorre en combustible con la tarjeta TCS para peque\u00f1as empresas de transporte. Descuentos en 2,300+ paradas y servicio 24\/7.","breadcrumb":{"@id":"https:\/\/www.tcsfuel.com\/es\/tarjetas\/empresas-de-camiones\/#breadcrumb"},"inLanguage":"es","potentialAction":[{"@type":"ReadAction","target":["https:\/\/www.tcsfuel.com\/es\/tarjetas\/empresas-de-camiones\/"]}]},{"@type":"ImageObject","inLanguage":"es","@id":"https:\/\/www.tcsfuel.com\/es\/tarjetas\/empresas-de-camiones\/#primaryimage","url":"https:\/\/www.tcsfuel.com\/wp-content\/uploads\/2023\/10\/Rectangle-69.png","contentUrl":"https:\/\/www.tcsfuel.com\/wp-content\/uploads\/2023\/10\/Rectangle-69.png","width":370,"height":233,"caption":"Man holding TCS fuel card at a truck stop"},{"@type":"BreadcrumbList","@id":"https:\/\/www.tcsfuel.com\/es\/tarjetas\/empresas-de-camiones\/#breadcrumb","itemListElement":[{"@type":"ListItem","position":1,"name":"Home","item":"https:\/\/www.tcsfuel.com\/es\/"},{"@type":"ListItem","position":2,"name":"Tarjetas de combustible","item":"https:\/\/www.tcsfuel.com\/es\/tarjetas\/"},{"@type":"ListItem","position":3,"name":"Tarjeta de Combustible Para Peque\u00f1as Empresas de Transporte"}]},{"@type":"WebSite","@id":"https:\/\/www.tcsfuel.com\/es\/#website","url":"https:\/\/www.tcsfuel.com\/es\/","name":"TCS Fuel Card | Diesel Fuel Discounts for Truckers & Fleets","description":"Fuel Cards &amp; Diesel Discounts for Truckers &amp; Trucking Companies","publisher":{"@id":"https:\/\/www.tcsfuel.com\/es\/#organization"},"alternateName":"TransConnect Services for Trucking Companies","potentialAction":[{"@type":"SearchAction","target":{"@type":"EntryPoint","urlTemplate":"https:\/\/www.tcsfuel.com\/es\/?s={search_term_string}"},"query-input":{"@type":"PropertyValueSpecification","valueRequired":true,"valueName":"search_term_string"}}],"inLanguage":"es"},{"@type":"Organization","@id":"https:\/\/www.tcsfuel.com\/es\/#organization","name":"TCS Fuel","alternateName":"TransConnect Services","url":"https:\/\/www.tcsfuel.com\/es\/","logo":{"@type":"ImageObject","inLanguage":"es","@id":"https:\/\/www.tcsfuel.com\/es\/#\/schema\/logo\/image\/","url":"https:\/\/www.tcsfuel.com\/wp-content\/uploads\/2024\/01\/logo.jpg","contentUrl":"https:\/\/www.tcsfuel.com\/wp-content\/uploads\/2024\/01\/logo.jpg","width":1200,"height":628,"caption":"TCS Fuel"},"image":{"@id":"https:\/\/www.tcsfuel.com\/es\/#\/schema\/logo\/image\/"},"sameAs":["https:\/\/www.facebook.com\/TCSFuel\/","https:\/\/x.com\/TCSFuel","https:\/\/www.linkedin.com\/company\/tcsfuel\/","https:\/\/www.instagram.com\/tcsfuel"],"description":"TCS offers truckers and trucking companies ways to save on fuel, service, and other expenses with the TCS fuel card and diesel fuel discounts.","email":"info@tcsfuel.com","legalName":"TransConnect Partner Solutions, Inc.","foundingDate":"2014-01-01","numberOfEmployees":{"@type":"QuantitativeValue","minValue":"51","maxValue":"200"}}]}},"_links":{"self":[{"href":"https:\/\/www.tcsfuel.com\/es\/wp-json\/wp\/v2\/pages\/7761","targetHints":{"allow":["GET"]}}],"collection":[{"href":"https:\/\/www.tcsfuel.com\/es\/wp-json\/wp\/v2\/pages"}],"about":[{"href":"https:\/\/www.tcsfuel.com\/es\/wp-json\/wp\/v2\/types\/page"}],"author":[{"embeddable":true,"href":"https:\/\/www.tcsfuel.com\/es\/wp-json\/wp\/v2\/users\/5"}],"replies":[{"embeddable":true,"href":"https:\/\/www.tcsfuel.com\/es\/wp-json\/wp\/v2\/comments?post=7761"}],"version-history":[{"count":0,"href":"https:\/\/www.tcsfuel.com\/es\/wp-json\/wp\/v2\/pages\/7761\/revisions"}],"up":[{"embeddable":true,"href":"https:\/\/www.tcsfuel.com\/es\/wp-json\/wp\/v2\/pages\/7763"}],"wp:featuredmedia":[{"embeddable":true,"href":"https:\/\/www.tcsfuel.com\/es\/wp-json\/wp\/v2\/media\/895"}],"wp:attachment":[{"href":"https:\/\/www.tcsfuel.com\/es\/wp-json\/wp\/v2\/media?parent=7761"}],"curies":[{"name":"wp","href":"https:\/\/api.w.org\/{rel}","templated":true}]}}