{"id":7760,"date":"2023-09-27T21:19:04","date_gmt":"2023-09-28T02:19:04","guid":{"rendered":"http:\/\/tcsfuel.com\/partners\/"},"modified":"2025-08-06T09:28:23","modified_gmt":"2025-08-06T14:28:23","slug":"partners","status":"publish","type":"page","link":"https:\/\/www.tcsfuel.com\/es\/partners\/","title":{"rendered":"Socios de TCS"},"content":{"rendered":"<div class=\"wpb-content-wrapper\"><p>[vc_row][vc_column width=&#8221;1\/2&#8243;][vc_column_text]<\/p>\n<h2 class=\"section-heading-two mb-40\">Socios de TCS<\/h2>\n<p class=\"content-font-size-large mb-60\">Aqu\u00ed en TCS, creemos que todos los transportistas deber\u00edan tener acceso a grandes descuentos en combustible, sin importar el tama\u00f1o de su empresa de transporte. Con la ayuda de nuestros proveedores de tarjetas de combustible y socios de descuento en paradas de camiones, hemos nivelado el campo de juego entre las peque\u00f1as y medianas empresas de transporte por carretera y las flotas m\u00e1s grandes. A trav\u00e9s de una combinaci\u00f3n de trabajo duro y nuestra valiosa relaci\u00f3n con nuestros socios, hemos creado un programa de servicio completo para satisfacer todas sus necesidades de gesti\u00f3n de combustible.<\/p>\n<h2 class=\"section-heading-two mb-40\">As\u00f3ciese con TCS<\/h2>\n<p class=\"content-font-size-large\">Los clientes y socios de TCS reciben grandes descuentos para ahorrar dinero en m\u00e1s que combustible. Nuestros descuentos adicionales incluyen mantenimiento de llantas y servicios, membres\u00eda de asistencia en carretera y otros servicios. Est\u00e1n equipados con un sitio web de administraci\u00f3n de cuentas, una aplicaci\u00f3n m\u00f3vil gratuita donde los usuarios pueden ubicar los mejores precios de combustible y un excelente servicio al cliente para satisfacer todas sus necesidades de administraci\u00f3n de combustible.<\/p>\n<p class=\"content-font-size-large mb-60\">Somos la tarjeta de combustible que trabaja tan duro como usted. Si desea asociarse con TCS para proporcionar una plataforma de tarjetas de combustible a sus clientes, \u00a1cont\u00e1ctenos!<\/p>\n<p><a href=\"info@transconnectservices.com\" class=\"theme-btn \"><span>Partner With TCS<\/span><\/a>[\/vc_column_text][\/vc_column][vc_column width=&#8221;1\/2&#8243; offset=&#8221;vc_col-md-offset-1 vc_col-md-5&#8243;][vc_single_image image=&#8221;246&#8243; img_size=&#8221;full&#8221; alignment=&#8221;center&#8221;][vc_column_text]<\/p>\n<p class=\"content-font-size-large text-center\">Liderando el espacio en soluciones de pago B2B y gesti\u00f3n de flotas.<\/p>\n<p>[\/vc_column_text][vc_single_image image=&#8221;247&#8243; img_size=&#8221;full&#8221; alignment=&#8221;center&#8221;][vc_column_text]<\/p>\n<p class=\"content-font-size-large text-center\">Una soluci\u00f3n de pagos corporativos reconocida mundialmente.<\/p>\n<p>[\/vc_column_text][\/vc_column][\/vc_row][vc_row full_width=&#8221;stretch_row&#8221; css=&#8221;.vc_custom_1695851644939{background-image: url(http:\/\/tcsfuel.com\/wp-content\/uploads\/2024\/03\/grey-folder-1920-1707a.png?id=253) !important;background-position: center !important;background-repeat: no-repeat !important;background-size: cover !important;}&#8221; el_class=&#8221;pt-165 pb-85&#8243;][vc_column][vc_column_text]<\/p>\n<h2 class=\"text-center mb-60 section-heading-two\">TCS Fuel Network Partners<\/h2>\n<p>[\/vc_column_text][vc_row_inner el_id=&#8221;tcs_network_partners&#8221;][vc_column_inner el_class=&#8221;single-partner&#8221; width=&#8221;1\/3&#8243;][vc_single_image image=&#8221;257&#8243; img_size=&#8221;full&#8221; alignment=&#8221;center&#8221;][vc_column_text]<\/p>\n<h3 class=\"partner-title mb-30\">TA\u00ae, Centros de Parada de Petro\u00ae, TA Express\u00ae<\/h3>\n<p>Nuestros centros de viajes atienden a miles de personas todos los d\u00edas; ning\u00fan viajero es igual y nuestro equipo debe reflejar eso. S\u00f3lo podemos \u201cdevolver a cada viajero al camino mejor de como lleg\u00f3\u201d si entendemos y celebramos el individualismo. Nos comprometemos con la igualdad y la inclusi\u00f3n en todos los \u00e1mbitos: raza, religi\u00f3n, g\u00e9nero, orientaci\u00f3n sexual, nacionalidad, edad, discapacidad o condici\u00f3n de veterano.[\/vc_column_text][\/vc_column_inner][vc_column_inner el_class=&#8221;single-partner&#8221; width=&#8221;1\/3&#8243;][vc_single_image image=&#8221;261&#8243; img_size=&#8221;full&#8221; alignment=&#8221;center&#8221;][vc_column_text]<\/p>\n<h3 class=\"partner-title mb-30\">Paradas de combustible AMBEST\u00ae<\/h3>\n<p>Con ubicaciones en todo Estados Unidos, \u00a1puede estar seguro de encontrar una parada en su ruta! Las sucursales de AMBEST son empresas familiares, listas para cuidar de usted en todo lo que puedan. Independientemente de d\u00f3nde se detenga en AMBEST, puede confiar en una cara amigable, instalaciones limpias y excelentes valores en las cosas que m\u00e1s necesita.[\/vc_column_text][\/vc_column_inner][vc_column_inner el_class=&#8221;single-partner&#8221; width=&#8221;1\/3&#8243;][vc_single_image image=&#8221;9219&#8243; img_size=&#8221;full&#8221; alignment=&#8221;center&#8221;][vc_column_text]<\/p>\n<h3 class=\"partner-title mb-30\">7FLEET\/Speedway\/Stripes<\/h3>\n<p>7FLEET Diesel Network es una red nacional de carriles para camiones di\u00e9sel establecida por 7-Eleven, Inc. Estas ubicaciones aptas para camiones se construyen teniendo en cuenta a los conductores profesionales con aceptaci\u00f3n de pagos, ofertas de alimentos y otras comodidades que sirven mejor a la industria del transporte por carretera. La red 7FLEET Diesel incluye actualmente m\u00e1s de 350 ubicaciones con una futura expansi\u00f3n a la familia de marcas 7-Eleven.[\/vc_column_text][\/vc_column_inner][vc_column_inner el_class=&#8221;single-partner&#8221; width=&#8221;1\/3&#8243;][vc_single_image image=&#8221;9222&#8243; img_size=&#8221;full&#8221;][vc_column_text]<\/p>\n<h3 class=\"partner-title mb-30\">Casey&#8217;s<\/h3>\n<p>Obtenga combustible seguro, confiable y de alta calidad en 200 lugares de abastecimiento de combustible comerciales y en aumento, con estacionamiento nocturno gratuito en lugares con espacios de semiestacionamiento designados, caf\u00e9 grande en grano o bebida gratis con la compra de m\u00e1s de 50 galones de di\u00e9sel. y duchas gratis con la compra de m\u00e1s de 75 galones de di\u00e9sel.[\/vc_column_text][\/vc_column_inner][vc_column_inner el_class=&#8221;single-partner&#8221; width=&#8221;1\/3&#8243;][vc_single_image image=&#8221;262&#8243; img_size=&#8221;full&#8221; alignment=&#8221;center&#8221;][vc_column_text]<\/p>\n<h3 class=\"partner-title mb-30\">Fuel City<\/h3>\n<p>Para cada miembro del equipo y cliente que visita Fuel City, queremos que su experiencia sea divertida, \u00fanica, positiva y, por supuesto, llena del esp\u00edritu de Texas. Venga y visite Fuel City hoy y experimente Donde los sue\u00f1os se hacen realidad.[\/vc_column_text][\/vc_column_inner][vc_column_inner el_class=&#8221;single-partner&#8221; width=&#8221;1\/3&#8243;][vc_single_image image=&#8221;10077&#8243; img_size=&#8221;full&#8221; css=&#8221;&#8221;][vc_column_text css=&#8221;&#8221;]<\/p>\n<h3>Irving Oil<\/h3>\n<p>Con m\u00e1s de 900 ubicaciones, estamos comprometidos a brindarle un lugar limpio, amigable y c\u00f3modo para recargar energ\u00edas, refrescarse y reconectarse.[\/vc_column_text][\/vc_column_inner][vc_column_inner el_class=&#8221;single-partner&#8221; width=&#8221;1\/3&#8243;][vc_single_image image=&#8221;10022&#8243; img_size=&#8221;full&#8221; alignment=&#8221;center&#8221; css=&#8221;&#8221;][vc_column_text css=&#8221;&#8221;]<\/p>\n<h3 class=\"partner-title mb-30\">Kwik Trip\/Kwik Star<\/h3>\n<p>Nuestra misi\u00f3n: servir a nuestros clientes y a la comunidad de manera m\u00e1s efectiva que nadie, tratando a nuestros clientes, compa\u00f1eros de trabajo y proveedores como a nosotros, personalmente, nos gustar\u00eda que nos trataran y marcar una diferencia en la vida de alguien.<\/p>\n<p>De propiedad y operaci\u00f3n familiar: ofrecemos m\u00e1s de 340 ubicaciones secundarias de di\u00e9sel en todo el Medio Oeste y el 80% de los alimentos en nuestras tiendas los elaboramos en nuestro campus en La Crosse, Wisconsin, en nuestras panader\u00edas, l\u00e1cteos y cocinas, y los entregamos a nuestras tiendas diariamente. \u00a1\u00danase a nuestro programa de conductores profesionales Kwik Rewards Fleet y gane una bebida y una ducha gratis con m\u00e1s de 50 galones, as\u00ed como puntos en combustible y mercanc\u00edas dentro de la tienda! \u00a1Hasta la pr\u00f3xima![\/vc_column_text][\/vc_column_inner][vc_column_inner el_class=&#8221;single-partner&#8221; width=&#8221;1\/3&#8243;][vc_single_image image=&#8221;9629&#8243; img_size=&#8221;full&#8221;][vc_column_text]<\/p>\n<h3 class=\"partner-title mb-30\">Maverik<\/h3>\n<p>Las ubicaciones de Maverik son complementarias a nuestra red existente y brindar\u00e1n opciones adicionales para nuestros clientes que abastecen de combustible en la parte occidental del pa\u00eds.[\/vc_column_text][\/vc_column_inner][vc_column_inner el_class=&#8221;single-partner&#8221; width=&#8221;1\/3&#8243;][vc_single_image image=&#8221;273&#8243; img_size=&#8221;full&#8221; alignment=&#8221;center&#8221;][vc_column_text]<\/p>\n<h3 class=\"partner-title mb-30\">Petr\u00f3leo al por mayor<\/h3>\n<p>Petroleum Wholesale, LP es una cadena de propiedad y operaci\u00f3n familiar de gasolineras, tiendas de conveniencia y centros de viajes con paradas de camiones ubicadas en Arizona, Texas, Nuevo M\u00e9xico, Utah, Colorado, Kansas y Wyoming. La compa\u00f1\u00eda fue fundada por John Cook, quien inici\u00f3 Petroleum Wholesale, LP como un barco de dos estaciones en Ardmore, Oklahoma en 1971. Una historia de crecimiento constante y sostenido ha permitido a Petroleum Wholesale, LP Travel Centers operar durante m\u00e1s de 50 a\u00f1os y tener Su principal objetivo es proporcionar a nuestros clientes el combustible con el precio m\u00e1s competitivo en las \u00e1reas a las que servimos.<br \/>\n[\/vc_column_text][\/vc_column_inner][vc_column_inner el_class=&#8221;single-partner&#8221; width=&#8221;1\/3&#8243;][vc_single_image image=&#8221;275&#8243; img_size=&#8221;full&#8221; alignment=&#8221;center&#8221;][vc_column_text]<\/p>\n<h3 class=\"partner-title mb-30\">Road Ranger<\/h3>\n<p>Miles de empresas de conducci\u00f3n profesional han elegido Road Ranger como su parada de viaje exclusiva desde 1984. Nuestro amable personal, instalaciones limpias, lotes espaciosos y petr\u00f3leo de primer nivel son solo algunas de las muchas razones por las que tantos profesionales como usted dedican sus galones a Guardabosques de la carretera.[\/vc_column_text][\/vc_column_inner][vc_column_inner el_class=&#8221;single-partner&#8221; width=&#8221;1\/3&#8243;][vc_single_image image=&#8221;276&#8243; img_size=&#8221;full&#8221; alignment=&#8221;center&#8221;][vc_column_text]<\/p>\n<h3 class=\"partner-title mb-30\">Roady&#8217;s<\/h3>\n<p>Roady&#8217;s aporta valor a la industria de paradas de camiones independientes al brindar un servicio al cliente excepcional e iniciativas estrat\u00e9gicas, que incluyen marketing de combustible, programas de combustible, un programa de fidelizaci\u00f3n de conductores y programas de compra.[\/vc_column_text][\/vc_column_inner][vc_column_inner el_class=&#8221;single-partner&#8221; width=&#8221;1\/3&#8243;][vc_single_image image=&#8221;277&#8243; img_size=&#8221;full&#8221; alignment=&#8221;center&#8221;][vc_column_text]<\/p>\n<h3 class=\"partner-title mb-30\">Sapp Bros. Travel Centers<\/h3>\n<p>Vivimos en un mundo donde la calidad reina y la \u00e9tica es esencial para el \u00e9xito de una empresa. Creemos que el servicio al cliente va mucho m\u00e1s all\u00e1 de la rutina de &#8220;que tengas un buen d\u00eda&#8221; y las caras sonrientes. Saludar a nuestros clientes y responder de manera r\u00e1pida y cort\u00e9s es nuestro objetivo n\u00famero uno. \u00a1Queremos hacerte sentir tan importante como realmente eres![\/vc_column_text][\/vc_column_inner][\/vc_row_inner][\/vc_column][\/vc_row][vc_row el_class=&#8221;mt-85&#8243;][vc_column][vc_column_text]<\/p>\n<h2 class=\"text-center mb-60 section-heading-two\">TCS Service Partners<\/h2>\n<p>[\/vc_column_text][vc_row_inner el_id=&#8221;tcs_service_partners_row&#8221;][vc_column_inner el_class=&#8221;single-partner&#8221; width=&#8221;1\/3&#8243;][vc_single_image image=&#8221;1256&#8243; img_size=&#8221;full&#8221; alignment=&#8221;center&#8221;][vc_column_text]<\/p>\n<h3 class=\"partner-title mb-30\">Centros TA Truck Service\u00ae<\/h3>\n<p>El proveedor de servicios para camiones con m\u00e1s mec\u00e1nicos certificados por ASE que cualquier otro proveedor que haya sido votado como &#8220;mejor&#8221; por los camioneros.[\/vc_column_text][\/vc_column_inner][vc_column_inner el_class=&#8221;single-partner&#8221; width=&#8221;1\/3&#8243;][vc_single_image image=&#8221;1251&#8243; img_size=&#8221;full&#8221; alignment=&#8221;center&#8221;][vc_column_text]<\/p>\n<h3 class=\"partner-title mb-30\">Grupo de cr\u00e9dito comercial INC.<\/h3>\n<p>Ya sea que est\u00e9 comprando equipos nuevos o usados, desee refinanciar pr\u00e9stamos existentes o necesite capital de trabajo, CCG tiene la experiencia y la flexibilidad para satisfacer sus necesidades espec\u00edficas de financiamiento de flota.[\/vc_column_text][\/vc_column_inner][vc_column_inner el_class=&#8221;single-partner&#8221; width=&#8221;1\/3&#8243;][vc_single_image image=&#8221;1249&#8243; img_size=&#8221;full&#8221; alignment=&#8221;center&#8221;][vc_column_text]<\/p>\n<h3 class=\"partner-title mb-30\">Financiamiento de equipos Keystone<\/h3>\n<p>Financiamiento de equipos Keystone<\/p>\n<p>[\/vc_column_text][\/vc_column_inner][\/vc_row_inner][\/vc_column][\/vc_row][vc_row disable_element=&#8221;yes&#8221; el_class=&#8221;mt-85 mb-85&#8243;][vc_column][vc_column_text]<\/p>\n<h2 class=\"text-center mb-60 section-heading-two\">TCS Fuel Card Partners<\/h2>\n<p>[\/vc_column_text][vc_row_inner][vc_column_inner el_class=&#8221;single-partner&#8221; width=&#8221;1\/3&#8243;][vc_single_image image=&#8221;286&#8243; img_size=&#8221;full&#8221; alignment=&#8221;center&#8221;][\/vc_column_inner][vc_column_inner el_class=&#8221;single-partner&#8221; width=&#8221;1\/3&#8243;][vc_single_image image=&#8221;287&#8243; img_size=&#8221;full&#8221; alignment=&#8221;center&#8221;][\/vc_column_inner][vc_column_inner el_class=&#8221;single-partner&#8221; width=&#8221;1\/3&#8243;][vc_single_image image=&#8221;288&#8243; img_size=&#8221;full&#8221; alignment=&#8221;center&#8221;][\/vc_column_inner][\/vc_row_inner][vc_row_inner][vc_column_inner el_class=&#8221;single-partner&#8221; width=&#8221;1\/3&#8243;][vc_single_image image=&#8221;290&#8243; img_size=&#8221;full&#8221; alignment=&#8221;center&#8221;][\/vc_column_inner][vc_column_inner el_class=&#8221;single-partner&#8221; width=&#8221;1\/3&#8243;][vc_single_image image=&#8221;291&#8243; img_size=&#8221;full&#8221; alignment=&#8221;center&#8221;][\/vc_column_inner][vc_column_inner el_class=&#8221;single-partner&#8221; width=&#8221;1\/3&#8243;][vc_single_image image=&#8221;292&#8243; img_size=&#8221;full&#8221; alignment=&#8221;center&#8221;][\/vc_column_inner][\/vc_row_inner][vc_row_inner][vc_column_inner el_class=&#8221;single-partner&#8221; width=&#8221;1\/3&#8243;][vc_single_image image=&#8221;289&#8243; img_size=&#8221;full&#8221; alignment=&#8221;center&#8221;][\/vc_column_inner][\/vc_row_inner][\/vc_column][\/vc_row][vc_row full_width=&#8221;stretch_row&#8221; content_placement=&#8221;middle&#8221; el_class=&#8221;arrow-bg-right pt-10 pb-20&#8243; css=&#8221;.vc_custom_1693867722016{background-color: #ebebeb !important;}&#8221; el_id=&#8221;post-footer&#8221;][vc_column offset=&#8221;vc_col-md-7&#8243;][vc_single_image image=&#8221;1113&#8243; img_size=&#8221;full&#8221;][\/vc_column][vc_column offset=&#8221;vc_col-md-5&#8243;][vc_column_text]<\/p>\n<h3 class=\"section-heading-one mb-50\">\u00bfEst\u00e1s Listo Para Obtener La Mejor Tarjeta De Combustible Para Camioneros?<\/h3>\n<div class=\"mb-50\">\n<div id=\"tw-target-text-container\" class=\"tw-ta-container F0azHf tw-nfl\" tabindex=\"0\">\n<pre id=\"tw-target-text\" class=\"tw-data-text tw-text-large tw-ta\" dir=\"ltr\" data-placeholder=\"Translation\" data-ved=\"2ahUKEwiSi9S7gZ6DAxX-ygIHHSpDBqgQ3ewLegQIARAQ\"><span class=\"Y2IQFc\" lang=\"es\">Ll\u00e1menos hoy:<\/span><\/pre>\n<\/div>\n<h5 class=\"section-heading-two\"><a href=\"TEL:844-827-7705\">844-827-7705<\/a><\/h5>\n<\/div>\n<p><a href=\"https:\/\/www.tcsfuel.com\/apply\/\" class=\"theme-btn theme-btn-black cta\"><span>Aplique Aqu\u00ed<\/span><\/a>[\/vc_column_text][\/vc_column][\/vc_row]<\/p>\n<\/div>","protected":false},"excerpt":{"rendered":"<p>[vc_row][vc_column width=&#8221;1\/2&#8243;][vc_column_text] Socios de TCS Aqu\u00ed en TCS, creemos que todos los transportistas deber\u00edan tener acceso a grandes descuentos en combustible, sin importar el tama\u00f1o de su empresa de transporte. Con la ayuda de nuestros proveedores de tarjetas de combustible y socios de descuento en paradas de camiones, hemos nivelado el campo de juego entre [&hellip;]<\/p>\n","protected":false},"author":1,"featured_media":0,"parent":0,"menu_order":0,"comment_status":"closed","ping_status":"closed","template":"","meta":{"_acf_changed":false,"inline_featured_image":false,"footnotes":""},"class_list":["post-7760","page","type-page","status-publish","hentry"],"acf":[],"yoast_head":"<!-- This site is optimized with the Yoast SEO Premium plugin v27.5 (Yoast SEO v27.5) - https:\/\/yoast.com\/product\/yoast-seo-premium-wordpress\/ -->\n<title>Socios de TCS<\/title>\n<meta name=\"description\" content=\"TCS y sus socios ofrecen incre\u00edbles tarjetas de combustible, descuentos en neum\u00e1ticos y otros servicios. Obt\u00e9n ayuda para gestionar tus costos de combustible de los profesionales.\" \/>\n<meta name=\"robots\" content=\"noindex, nofollow\" \/>\n<meta property=\"og:locale\" content=\"es_ES\" \/>\n<meta property=\"og:type\" content=\"article\" \/>\n<meta property=\"og:title\" content=\"Socios de TCS\" \/>\n<meta property=\"og:description\" content=\"TCS y sus socios ofrecen incre\u00edbles tarjetas de combustible, descuentos en neum\u00e1ticos y otros servicios. Obt\u00e9n ayuda para gestionar tus costos de combustible de los profesionales.\" \/>\n<meta property=\"og:url\" content=\"https:\/\/www.tcsfuel.com\/es\/partners\/\" \/>\n<meta property=\"og:site_name\" content=\"TCS Fuel Card | TransConnect Services\" \/>\n<meta property=\"article:publisher\" content=\"https:\/\/www.facebook.com\/TCSFuel\/\" \/>\n<meta property=\"article:modified_time\" content=\"2025-08-06T14:28:23+00:00\" \/>\n<meta name=\"twitter:card\" content=\"summary_large_image\" \/>\n<meta name=\"twitter:site\" content=\"@TCSFuel\" \/>\n<meta name=\"twitter:label1\" content=\"Tiempo de lectura\" \/>\n\t<meta name=\"twitter:data1\" content=\"6 minutos\" \/>\n<script type=\"application\/ld+json\" class=\"yoast-schema-graph\">{\"@context\":\"https:\\\/\\\/schema.org\",\"@graph\":[{\"@type\":\"WebPage\",\"@id\":\"https:\\\/\\\/www.tcsfuel.com\\\/es\\\/partners\\\/\",\"url\":\"https:\\\/\\\/www.tcsfuel.com\\\/es\\\/partners\\\/\",\"name\":\"Socios de TCS\",\"isPartOf\":{\"@id\":\"https:\\\/\\\/www.tcsfuel.com\\\/es\\\/#website\"},\"datePublished\":\"2023-09-28T02:19:04+00:00\",\"dateModified\":\"2025-08-06T14:28:23+00:00\",\"description\":\"TCS y sus socios ofrecen incre\u00edbles tarjetas de combustible, descuentos en neum\u00e1ticos y otros servicios. Obt\u00e9n ayuda para gestionar tus costos de combustible de los profesionales.\",\"breadcrumb\":{\"@id\":\"https:\\\/\\\/www.tcsfuel.com\\\/es\\\/partners\\\/#breadcrumb\"},\"inLanguage\":\"es\",\"potentialAction\":[{\"@type\":\"ReadAction\",\"target\":[\"https:\\\/\\\/www.tcsfuel.com\\\/es\\\/partners\\\/\"]}]},{\"@type\":\"BreadcrumbList\",\"@id\":\"https:\\\/\\\/www.tcsfuel.com\\\/es\\\/partners\\\/#breadcrumb\",\"itemListElement\":[{\"@type\":\"ListItem\",\"position\":1,\"name\":\"Home\",\"item\":\"https:\\\/\\\/www.tcsfuel.com\\\/es\\\/\"},{\"@type\":\"ListItem\",\"position\":2,\"name\":\"Socios de TCS\"}]},{\"@type\":\"WebSite\",\"@id\":\"https:\\\/\\\/www.tcsfuel.com\\\/es\\\/#website\",\"url\":\"https:\\\/\\\/www.tcsfuel.com\\\/es\\\/\",\"name\":\"TCS Fuel Card | Diesel Fuel Discounts for Truckers & Fleets\",\"description\":\"Fuel Cards &amp; Diesel Discounts for Truckers &amp; Trucking Companies\",\"publisher\":{\"@id\":\"https:\\\/\\\/www.tcsfuel.com\\\/es\\\/#organization\"},\"alternateName\":\"TransConnect Services for Trucking Companies\",\"potentialAction\":[{\"@type\":\"SearchAction\",\"target\":{\"@type\":\"EntryPoint\",\"urlTemplate\":\"https:\\\/\\\/www.tcsfuel.com\\\/es\\\/?s={search_term_string}\"},\"query-input\":{\"@type\":\"PropertyValueSpecification\",\"valueRequired\":true,\"valueName\":\"search_term_string\"}}],\"inLanguage\":\"es\"},{\"@type\":\"Organization\",\"@id\":\"https:\\\/\\\/www.tcsfuel.com\\\/es\\\/#organization\",\"name\":\"TCS Fuel\",\"alternateName\":\"TransConnect Services\",\"url\":\"https:\\\/\\\/www.tcsfuel.com\\\/es\\\/\",\"logo\":{\"@type\":\"ImageObject\",\"inLanguage\":\"es\",\"@id\":\"https:\\\/\\\/www.tcsfuel.com\\\/es\\\/#\\\/schema\\\/logo\\\/image\\\/\",\"url\":\"https:\\\/\\\/www.tcsfuel.com\\\/wp-content\\\/uploads\\\/2024\\\/01\\\/logo.jpg\",\"contentUrl\":\"https:\\\/\\\/www.tcsfuel.com\\\/wp-content\\\/uploads\\\/2024\\\/01\\\/logo.jpg\",\"width\":1200,\"height\":628,\"caption\":\"TCS Fuel\"},\"image\":{\"@id\":\"https:\\\/\\\/www.tcsfuel.com\\\/es\\\/#\\\/schema\\\/logo\\\/image\\\/\"},\"sameAs\":[\"https:\\\/\\\/www.facebook.com\\\/TCSFuel\\\/\",\"https:\\\/\\\/x.com\\\/TCSFuel\",\"https:\\\/\\\/www.linkedin.com\\\/company\\\/tcsfuel\\\/\",\"https:\\\/\\\/www.instagram.com\\\/tcsfuel\"],\"description\":\"TCS offers truckers and trucking companies ways to save on fuel, service, and other expenses with the TCS fuel card and diesel fuel discounts.\",\"email\":\"info@tcsfuel.com\",\"legalName\":\"TransConnect Partner Solutions, Inc.\",\"foundingDate\":\"2014-01-01\",\"numberOfEmployees\":{\"@type\":\"QuantitativeValue\",\"minValue\":\"51\",\"maxValue\":\"200\"}}]}<\/script>\n<!-- \/ Yoast SEO Premium plugin. -->","yoast_head_json":{"title":"Socios de TCS","description":"TCS y sus socios ofrecen incre\u00edbles tarjetas de combustible, descuentos en neum\u00e1ticos y otros servicios. Obt\u00e9n ayuda para gestionar tus costos de combustible de los profesionales.","robots":{"index":"noindex","follow":"nofollow"},"og_locale":"es_ES","og_type":"article","og_title":"Socios de TCS","og_description":"TCS y sus socios ofrecen incre\u00edbles tarjetas de combustible, descuentos en neum\u00e1ticos y otros servicios. Obt\u00e9n ayuda para gestionar tus costos de combustible de los profesionales.","og_url":"https:\/\/www.tcsfuel.com\/es\/partners\/","og_site_name":"TCS Fuel Card | TransConnect Services","article_publisher":"https:\/\/www.facebook.com\/TCSFuel\/","article_modified_time":"2025-08-06T14:28:23+00:00","twitter_card":"summary_large_image","twitter_site":"@TCSFuel","twitter_misc":{"Tiempo de lectura":"6 minutos"},"schema":{"@context":"https:\/\/schema.org","@graph":[{"@type":"WebPage","@id":"https:\/\/www.tcsfuel.com\/es\/partners\/","url":"https:\/\/www.tcsfuel.com\/es\/partners\/","name":"Socios de TCS","isPartOf":{"@id":"https:\/\/www.tcsfuel.com\/es\/#website"},"datePublished":"2023-09-28T02:19:04+00:00","dateModified":"2025-08-06T14:28:23+00:00","description":"TCS y sus socios ofrecen incre\u00edbles tarjetas de combustible, descuentos en neum\u00e1ticos y otros servicios. Obt\u00e9n ayuda para gestionar tus costos de combustible de los profesionales.","breadcrumb":{"@id":"https:\/\/www.tcsfuel.com\/es\/partners\/#breadcrumb"},"inLanguage":"es","potentialAction":[{"@type":"ReadAction","target":["https:\/\/www.tcsfuel.com\/es\/partners\/"]}]},{"@type":"BreadcrumbList","@id":"https:\/\/www.tcsfuel.com\/es\/partners\/#breadcrumb","itemListElement":[{"@type":"ListItem","position":1,"name":"Home","item":"https:\/\/www.tcsfuel.com\/es\/"},{"@type":"ListItem","position":2,"name":"Socios de TCS"}]},{"@type":"WebSite","@id":"https:\/\/www.tcsfuel.com\/es\/#website","url":"https:\/\/www.tcsfuel.com\/es\/","name":"TCS Fuel Card | Diesel Fuel Discounts for Truckers & Fleets","description":"Fuel Cards &amp; Diesel Discounts for Truckers &amp; Trucking Companies","publisher":{"@id":"https:\/\/www.tcsfuel.com\/es\/#organization"},"alternateName":"TransConnect Services for Trucking Companies","potentialAction":[{"@type":"SearchAction","target":{"@type":"EntryPoint","urlTemplate":"https:\/\/www.tcsfuel.com\/es\/?s={search_term_string}"},"query-input":{"@type":"PropertyValueSpecification","valueRequired":true,"valueName":"search_term_string"}}],"inLanguage":"es"},{"@type":"Organization","@id":"https:\/\/www.tcsfuel.com\/es\/#organization","name":"TCS Fuel","alternateName":"TransConnect Services","url":"https:\/\/www.tcsfuel.com\/es\/","logo":{"@type":"ImageObject","inLanguage":"es","@id":"https:\/\/www.tcsfuel.com\/es\/#\/schema\/logo\/image\/","url":"https:\/\/www.tcsfuel.com\/wp-content\/uploads\/2024\/01\/logo.jpg","contentUrl":"https:\/\/www.tcsfuel.com\/wp-content\/uploads\/2024\/01\/logo.jpg","width":1200,"height":628,"caption":"TCS Fuel"},"image":{"@id":"https:\/\/www.tcsfuel.com\/es\/#\/schema\/logo\/image\/"},"sameAs":["https:\/\/www.facebook.com\/TCSFuel\/","https:\/\/x.com\/TCSFuel","https:\/\/www.linkedin.com\/company\/tcsfuel\/","https:\/\/www.instagram.com\/tcsfuel"],"description":"TCS offers truckers and trucking companies ways to save on fuel, service, and other expenses with the TCS fuel card and diesel fuel discounts.","email":"info@tcsfuel.com","legalName":"TransConnect Partner Solutions, Inc.","foundingDate":"2014-01-01","numberOfEmployees":{"@type":"QuantitativeValue","minValue":"51","maxValue":"200"}}]}},"_links":{"self":[{"href":"https:\/\/www.tcsfuel.com\/es\/wp-json\/wp\/v2\/pages\/7760","targetHints":{"allow":["GET"]}}],"collection":[{"href":"https:\/\/www.tcsfuel.com\/es\/wp-json\/wp\/v2\/pages"}],"about":[{"href":"https:\/\/www.tcsfuel.com\/es\/wp-json\/wp\/v2\/types\/page"}],"author":[{"embeddable":true,"href":"https:\/\/www.tcsfuel.com\/es\/wp-json\/wp\/v2\/users\/1"}],"replies":[{"embeddable":true,"href":"https:\/\/www.tcsfuel.com\/es\/wp-json\/wp\/v2\/comments?post=7760"}],"version-history":[{"count":0,"href":"https:\/\/www.tcsfuel.com\/es\/wp-json\/wp\/v2\/pages\/7760\/revisions"}],"wp:attachment":[{"href":"https:\/\/www.tcsfuel.com\/es\/wp-json\/wp\/v2\/media?parent=7760"}],"curies":[{"name":"wp","href":"https:\/\/api.w.org\/{rel}","templated":true}]}}