{"id":7757,"date":"2023-09-28T20:09:53","date_gmt":"2023-09-29T01:09:53","guid":{"rendered":"http:\/\/tcsfuel.com\/discounts\/tires-service\/"},"modified":"2025-08-06T09:22:39","modified_gmt":"2025-08-06T14:22:39","slug":"servicio","status":"publish","type":"page","link":"https:\/\/www.tcsfuel.com\/es\/descuentos\/servicio\/","title":{"rendered":"Descuentos en Servicios de Llantas y Camiones"},"content":{"rendered":"<div class=\"wpb-content-wrapper\"><p>[vc_row el_class=&#8221;mb-85&#8243;][vc_column width=&#8221;1\/2&#8243;][vc_column_text css=&#8221;&#8221;]<\/p>\n<h2>\u00a1TCS Facilita el Servicio y Mantenimiento de Camiones!<\/h2>\n<p>\u00a1El uso de la tarjeta de combustible TCS para obtener ahorros significantes de combustible es un gran beneficio para cualquier empresa de transporte o conductor de cami\u00f3n, pero no debe ser el \u00fanico beneficio!<\/p>\n<p>En TCS sabemos que las llantas y el mantenimiento son dos gastos inevitables que pueden ser lleno de tensi\u00f3n. Por eso, adem\u00e1s de ahorrar en diesel, nuestros clientes tienen acceso a excelentes descuentos en llantas y servicios.<\/p>\n<p>Aproveche nuestros descuentos dentro de la red cuando necesite cambios de aceite de cami\u00f3n y otros servicios de mantenimiento. TCS ofrece soluciones confiables para ayudarlo a mantenerse al tanto de la administraci\u00f3n de flotas de camiones mientras ahorra tiempo y dinero. Explore nuestra gama de soluciones de descuento. Podemos satisfacer sus necesidades y obtener todo lo que necesita para adelantarse a sus responsabilidades administrativas.<\/p>\n<p><a href=\"https:\/\/apply.transconnectservices.com\/#\/Apply?target=referral&amp;key=MARK\" class=\"theme-btn theme-btn-black cta\"><span>Obtenga la Tarjeta de Combustible TCS<\/span><\/a>[\/vc_column_text][\/vc_column][vc_column width=&#8221;1\/2&#8243;][vc_single_image image=&#8221;1230&#8243; img_size=&#8221;full&#8221; alignment=&#8221;center&#8221;][\/vc_column][vc_column css=&#8221;.vc_custom_1695932376545{border-top-width: 1px !important;border-top-color: #d9d9d9 !important;border-top-style: solid !important;}&#8221; el_class=&#8221;pt-85&#8243;][vc_row_inner equal_height=&#8221;yes&#8221; content_placement=&#8221;middle&#8221; el_class=&#8221;pt-85&#8243;][vc_column_inner width=&#8221;1\/2&#8243;][vc_column_text]<\/p>\n<h2>Ahorra en sus Marcas de Llantas Favoritas<\/h2>\n<p>[\/vc_column_text][vc_column_text]Las paradas de camiones son mucho m\u00e1s que un lugar para llenar el tanque de su cami\u00f3n. En estos d\u00edas, la mayor\u00eda de las paradas de combustible proporcionan alimentos, duchas, estacionamiento, servicio de camiones y mantenimiento. TCS le ayuda a entrar, salir y seguir en su camino con descuentos en llantas y servicios que le ahorran dinero.<\/p>\n<p>TA Truck Service\u00ae es el proveedor nacional de descuentos en llantas y servicios para clientes de TCS. Nuestros clientes ahorran en marcas de llantas favoritas, adem\u00e1s de disfrutar de los descuentos en el mantenimiento preventivo y otras reparaciones de semirremolques. Recibir esos descuentos en las ubicaciones de servicio de TA\u00ae y Petro\u00ae es f\u00e1cil, nuestros clientes simplemente proporcionan su N\u00famero DOT al momento de pagar y los descuentos se aplican autom\u00e1ticamente.<\/p>\n<p>Aseg\u00farese de que su flota de camiones est\u00e9 lista para la carretera con ofertas como descuentos en neum\u00e1ticos de 18 ruedas. Mantenga el motor, los neum\u00e1ticos y otros componentes de su flota en buenas condiciones para aprovechar al m\u00e1ximo su equipo. Podemos ayudar a garantizar que su equipo est\u00e9 seguro para viajar mientras lo ayudamos a mantener los costos de mantenimiento dentro del presupuesto.[\/vc_column_text][\/vc_column_inner][vc_column_inner width=&#8221;1\/2&#8243;][vc_single_image image=&#8221;1094&#8243; img_size=&#8221;full&#8221; alignment=&#8221;right&#8221;][\/vc_column_inner][\/vc_row_inner][\/vc_column][\/vc_row][vc_row full_width=&#8221;stretch_row&#8221; css=&#8221;.vc_custom_1725459851599{background-image: url(https:\/\/www.tcsfuel.com\/wp-content\/uploads\/2024\/03\/grey-fold-1920-1451b.png?id=308) !important;}&#8221; el_class=&#8221;pt-145 pb-85 bg-position-top&#8221; el_id=&#8221;faq-wrap&#8221;][vc_column][vc_column_text]<\/p>\n<h2>Beneficios de Nuestros Descuentos en Servicio de Camiones<\/h2>\n<p>Aproveche de nuestras ofertas de descuentos en cambios de aceite de camiones, cambios de llantas y una variedad de otras necesidades. Con estas ofertas puedes mejorar sus ahorros y proteger mejor su flota. Utilice estos beneficios para ayudarlo a administrar su negocio con \u00e9xito:<\/p>\n<ul>\n<li><strong>Rentabilidad:<\/strong> con nuestros descuentos en necesidades de reparaci\u00f3n y mantenimiento de camiones, adem\u00e1s de ofertas en hoteles, puede reducir los costos operativos. Esta rentabilidad garantiza que los conductores reciban todo lo que necesitan.<\/li>\n<li><strong>Seguridad:<\/strong> Obtener las opciones adecuadas para un mantenimiento rentable puede ayudarle a garantizar que su flota de camiones est\u00e9 segura y lista para funcionar. Adem\u00e1s, el servicio frecuente puede ayudar a proteger a su empresa de responsabilidades.<\/li>\n<li><strong>Eficiencia:<\/strong>\u202fNuestros recursos de soporte para reparaciones de emergencia las 24 horas, los 7 d\u00edas de la semana, lo ayudan a mantener los procesos de transporte a tiempo. Puede reducir el tiempo de inactividad con acceso a respuestas r\u00e1pidas de mec\u00e1nicos calificados cerca de la ubicaci\u00f3n de su cami\u00f3n.<\/li>\n<li><strong>Comodidad:<\/strong>\u202fcuando necesite reparaciones, obtener asistencia y descuentos es r\u00e1pido y f\u00e1cil con nosotros. Nuestra red le ayudar\u00e1 a volver a la carretera.<\/li>\n<\/ul>\n<p>[\/vc_column_text][\/vc_column][\/vc_row][vc_row el_class=&#8221;mt-85 mb-85&#8243;][vc_column width=&#8221;1\/2&#8243;][vc_column_text]<\/p>\n<h2>Obtenga sus Descuentos en Mantenimiento de Camiones Hoy<\/h2>\n<p>Con TCS de su lado, puede mejorar la gesti\u00f3n de la flota de camiones y mantener su negocio funcionando de manera eficiente. Conf\u00ede en nosotros para respaldar sus procesos de gesti\u00f3n diaria y planes de transporte. Nuestras tarjetas de combustible con garant\u00eda en efectivo, descuentos en mantenimiento de camiones y otras soluciones pueden ayudarle a mantenerse a la vanguardia. Adem\u00e1s, puede mantener su negocio competitivo y asegurarse de que su flota est\u00e9 en las mejores condiciones.<\/p>\n<p class=\"mb-40\">Nuestra gama de beneficios de membres\u00eda est\u00e1 disponible para priorizar el \u00e9xito de su negocio. Registrarse para obtener la tarjeta de combustible TCS es r\u00e1pido y f\u00e1cil y, al mismo tiempo, le brinda soporte continuo para satisfacer sus necesidades de administraci\u00f3n de camiones. Si desea aprovechar lo que ofrecemos, comience llam\u00e1ndonos hoy al 844-827-7705.<\/p>\n<p><a href=\"https:\/\/www.tcsfuel.com\/apply\/\" class=\"theme-btn theme-btn-black cta\"><span>Obtenga la tarjeta de combustible TCS<\/span><\/a>[\/vc_column_text][\/vc_column][vc_column width=&#8221;1\/2&#8243;][vc_single_image image=&#8221;1029&#8243; img_size=&#8221;full&#8221; alignment=&#8221;center&#8221;][\/vc_column][vc_column css=&#8221;.vc_custom_1695932376545{border-top-width: 1px !important;border-top-color: #d9d9d9 !important;border-top-style: solid !important;}&#8221; el_class=&#8221;pt-85&#8243;][vc_row_inner el_class=&#8221;pt-85&#8243;][vc_column_inner width=&#8221;1\/2&#8243; offset=&#8221;vc_hidden-xs&#8221;][vc_single_image image=&#8221;1232&#8243; img_size=&#8221;full&#8221; alignment=&#8221;center&#8221;][\/vc_column_inner][vc_column_inner width=&#8221;1\/2&#8243;][vc_column_text]<\/p>\n<h2>Descuentos de Hotel con CLC Lodging<\/h2>\n<p>\u00bfSab\u00edas que el 40% de los conductores pasan seis noches al mes en hoteles? Con esos n\u00fameros, ahorrar cualquier cantidad de dinero de la tarifa indicada en miles de hoteles en todo el pa\u00eds ser\u00eda un gran beneficio para su empresa de transporte. Afortunadamente, cuando reserva un hotel con CLC Lodging, puede ahorrar hasta un 40%. Simplemente llame al 866-857-9747 o visite su sitio web para registrarse y comenzar a ahorrar hoy.<\/p>\n<p>\u00a1Afortunadamente, al reservar un hotel con CLC Lodging puedes ahorrar hasta un 40%! Simplemente llame al 866-857-9747 o visite su sitio web para registrarse y comenzar a ahorrar hoy.<\/p>\n<p><a href=\"https:\/\/www.tcsfuel.com\/apply\/\" class=\"theme-btn theme-btn-black cta\"><span>Obtenga la tarjeta de combustible TCS<\/span><\/a>[\/vc_column_text][vc_single_image image=&#8221;1233&#8243; img_size=&#8221;full&#8221; alignment=&#8221;center&#8221; el_class=&#8221;d-block d-md-none&#8221;][\/vc_column_inner][\/vc_row_inner][\/vc_column][\/vc_row][vc_row full_width=&#8221;stretch_row&#8221; content_placement=&#8221;middle&#8221; el_class=&#8221;arrow-bg-right pt-10 pb-20&#8243; css=&#8221;.vc_custom_1693867722016{background-color: #ebebeb !important;}&#8221; el_id=&#8221;post-footer&#8221;][vc_column offset=&#8221;vc_col-md-7&#8243;][vc_single_image image=&#8221;138&#8243; img_size=&#8221;full&#8221;][\/vc_column][vc_column offset=&#8221;vc_col-md-5&#8243;][vc_column_text]<\/p>\n<h3>\u00bfEst\u00e1s Listo Para Obtener La Mejor Tarjeta De Combustible Para Camioneros?<\/h3>\n<p>[\/vc_column_text][vc_column_text]<\/p>\n<h3 class=\"section-heading-one mb-50\"><\/h3>\n<div class=\"mb-50\">\n<p class=\"content-font-size-larger mb-0\">Ll\u00e1menos hoy:<\/p>\n<h5 class=\"section-heading-two\"><a href=\"tel:844-827-7705\">844-827-7705<\/a><\/h5>\n<\/div>\n<p>[\/vc_column_text]<a href=\"https:\/\/apply.transconnectservices.com\/#\/Apply\" class=\"theme-btn theme-btn-black\"><span>Aplique Aqu\u00ed<\/span><\/a>[\/vc_column][\/vc_row]<\/p>\n<\/div>","protected":false},"excerpt":{"rendered":"<p>[vc_row el_class=&#8221;mb-85&#8243;][vc_column width=&#8221;1\/2&#8243;][vc_column_text css=&#8221;&#8221;] \u00a1TCS Facilita el Servicio y Mantenimiento de Camiones! \u00a1El uso de la tarjeta de combustible TCS para obtener ahorros significantes de combustible es un gran beneficio para cualquier empresa de transporte o conductor de cami\u00f3n, pero no debe ser el \u00fanico beneficio! En TCS sabemos que las llantas y el mantenimiento [&hellip;]<\/p>\n","protected":false},"author":1,"featured_media":8332,"parent":7756,"menu_order":0,"comment_status":"closed","ping_status":"closed","template":"","meta":{"_acf_changed":false,"inline_featured_image":false,"footnotes":""},"class_list":["post-7757","page","type-page","status-publish","has-post-thumbnail","hentry"],"acf":[],"yoast_head":"<!-- This site is optimized with the Yoast SEO Premium plugin v27.3 (Yoast SEO v27.3) - https:\/\/yoast.com\/product\/yoast-seo-premium-wordpress\/ -->\n<title>Descuentos en Servicios de Llantas y Camiones<\/title>\n<meta name=\"description\" content=\"El uso de una tarjeta de combustible TCS no solo ofrece ahorros en combustible, sino acceso a grandes descuentos en llantas y servicios para camiones.\" \/>\n<meta name=\"robots\" content=\"index, follow, max-snippet:-1, max-image-preview:large, max-video-preview:-1\" \/>\n<link rel=\"canonical\" href=\"https:\/\/www.tcsfuel.com\/es\/descuentos\/servicio\/\" \/>\n<meta property=\"og:locale\" content=\"es_ES\" \/>\n<meta property=\"og:type\" content=\"article\" \/>\n<meta property=\"og:title\" content=\"Descuentos en Servicios de Llantas y Camiones\" \/>\n<meta property=\"og:description\" content=\"El uso de una tarjeta de combustible TCS no solo ofrece ahorros en combustible, sino acceso a grandes descuentos en llantas y servicios para camiones.\" \/>\n<meta property=\"og:url\" content=\"https:\/\/www.tcsfuel.com\/es\/descuentos\/servicio\/\" \/>\n<meta property=\"og:site_name\" content=\"TCS Fuel Card | TransConnect Services\" \/>\n<meta property=\"article:publisher\" content=\"https:\/\/www.facebook.com\/TCSFuel\/\" \/>\n<meta property=\"article:modified_time\" content=\"2025-08-06T14:22:39+00:00\" \/>\n<meta property=\"og:image\" content=\"https:\/\/www.tcsfuel.com\/wp-content\/uploads\/2024\/01\/Service_Center.jpg\" \/>\n\t<meta property=\"og:image:width\" content=\"1200\" \/>\n\t<meta property=\"og:image:height\" content=\"628\" \/>\n\t<meta property=\"og:image:type\" content=\"image\/jpeg\" \/>\n<meta name=\"twitter:card\" content=\"summary_large_image\" \/>\n<meta name=\"twitter:site\" content=\"@TCSFuel\" \/>\n<meta name=\"twitter:label1\" content=\"Tiempo de lectura\" \/>\n\t<meta name=\"twitter:data1\" content=\"5 minutos\" \/>\n<script type=\"application\/ld+json\" class=\"yoast-schema-graph\">{\"@context\":\"https:\\\/\\\/schema.org\",\"@graph\":[{\"@type\":\"WebPage\",\"@id\":\"https:\\\/\\\/www.tcsfuel.com\\\/es\\\/descuentos\\\/servicio\\\/\",\"url\":\"https:\\\/\\\/www.tcsfuel.com\\\/es\\\/descuentos\\\/servicio\\\/\",\"name\":\"Descuentos en Servicios de Llantas y Camiones\",\"isPartOf\":{\"@id\":\"https:\\\/\\\/www.tcsfuel.com\\\/es\\\/#website\"},\"primaryImageOfPage\":{\"@id\":\"https:\\\/\\\/www.tcsfuel.com\\\/es\\\/descuentos\\\/servicio\\\/#primaryimage\"},\"image\":{\"@id\":\"https:\\\/\\\/www.tcsfuel.com\\\/es\\\/descuentos\\\/servicio\\\/#primaryimage\"},\"thumbnailUrl\":\"https:\\\/\\\/www.tcsfuel.com\\\/wp-content\\\/uploads\\\/2024\\\/01\\\/Service_Center.jpg\",\"datePublished\":\"2023-09-29T01:09:53+00:00\",\"dateModified\":\"2025-08-06T14:22:39+00:00\",\"description\":\"El uso de una tarjeta de combustible TCS no solo ofrece ahorros en combustible, sino acceso a grandes descuentos en llantas y servicios para camiones.\",\"breadcrumb\":{\"@id\":\"https:\\\/\\\/www.tcsfuel.com\\\/es\\\/descuentos\\\/servicio\\\/#breadcrumb\"},\"inLanguage\":\"es\",\"potentialAction\":[{\"@type\":\"ReadAction\",\"target\":[\"https:\\\/\\\/www.tcsfuel.com\\\/es\\\/descuentos\\\/servicio\\\/\"]}]},{\"@type\":\"ImageObject\",\"inLanguage\":\"es\",\"@id\":\"https:\\\/\\\/www.tcsfuel.com\\\/es\\\/descuentos\\\/servicio\\\/#primaryimage\",\"url\":\"https:\\\/\\\/www.tcsfuel.com\\\/wp-content\\\/uploads\\\/2024\\\/01\\\/Service_Center.jpg\",\"contentUrl\":\"https:\\\/\\\/www.tcsfuel.com\\\/wp-content\\\/uploads\\\/2024\\\/01\\\/Service_Center.jpg\",\"width\":1200,\"height\":628,\"caption\":\"TA Truck Service\"},{\"@type\":\"BreadcrumbList\",\"@id\":\"https:\\\/\\\/www.tcsfuel.com\\\/es\\\/descuentos\\\/servicio\\\/#breadcrumb\",\"itemListElement\":[{\"@type\":\"ListItem\",\"position\":1,\"name\":\"Home\",\"item\":\"https:\\\/\\\/www.tcsfuel.com\\\/es\\\/\"},{\"@type\":\"ListItem\",\"position\":2,\"name\":\"Descuentos en Servicios de Llantas y Camiones\"}]},{\"@type\":\"WebSite\",\"@id\":\"https:\\\/\\\/www.tcsfuel.com\\\/es\\\/#website\",\"url\":\"https:\\\/\\\/www.tcsfuel.com\\\/es\\\/\",\"name\":\"TCS Fuel Card | Diesel Fuel Discounts for Truckers & Fleets\",\"description\":\"Fuel Cards &amp; Diesel Discounts for Truckers &amp; Trucking Companies\",\"publisher\":{\"@id\":\"https:\\\/\\\/www.tcsfuel.com\\\/es\\\/#organization\"},\"alternateName\":\"TransConnect Services for Trucking Companies\",\"potentialAction\":[{\"@type\":\"SearchAction\",\"target\":{\"@type\":\"EntryPoint\",\"urlTemplate\":\"https:\\\/\\\/www.tcsfuel.com\\\/es\\\/?s={search_term_string}\"},\"query-input\":{\"@type\":\"PropertyValueSpecification\",\"valueRequired\":true,\"valueName\":\"search_term_string\"}}],\"inLanguage\":\"es\"},{\"@type\":\"Organization\",\"@id\":\"https:\\\/\\\/www.tcsfuel.com\\\/es\\\/#organization\",\"name\":\"TCS Fuel\",\"alternateName\":\"TransConnect Services\",\"url\":\"https:\\\/\\\/www.tcsfuel.com\\\/es\\\/\",\"logo\":{\"@type\":\"ImageObject\",\"inLanguage\":\"es\",\"@id\":\"https:\\\/\\\/www.tcsfuel.com\\\/es\\\/#\\\/schema\\\/logo\\\/image\\\/\",\"url\":\"https:\\\/\\\/www.tcsfuel.com\\\/wp-content\\\/uploads\\\/2024\\\/01\\\/logo.jpg\",\"contentUrl\":\"https:\\\/\\\/www.tcsfuel.com\\\/wp-content\\\/uploads\\\/2024\\\/01\\\/logo.jpg\",\"width\":1200,\"height\":628,\"caption\":\"TCS Fuel\"},\"image\":{\"@id\":\"https:\\\/\\\/www.tcsfuel.com\\\/es\\\/#\\\/schema\\\/logo\\\/image\\\/\"},\"sameAs\":[\"https:\\\/\\\/www.facebook.com\\\/TCSFuel\\\/\",\"https:\\\/\\\/x.com\\\/TCSFuel\",\"https:\\\/\\\/www.linkedin.com\\\/company\\\/tcsfuel\\\/\",\"https:\\\/\\\/www.instagram.com\\\/tcsfuel\"],\"description\":\"TCS offers truckers and trucking companies ways to save on fuel, service, and other expenses with the TCS fuel card and diesel fuel discounts.\",\"email\":\"info@tcsfuel.com\",\"legalName\":\"TransConnect Partner Solutions, Inc.\",\"foundingDate\":\"2014-01-01\",\"numberOfEmployees\":{\"@type\":\"QuantitativeValue\",\"minValue\":\"51\",\"maxValue\":\"200\"}}]}<\/script>\n<!-- \/ Yoast SEO Premium plugin. -->","yoast_head_json":{"title":"Descuentos en Servicios de Llantas y Camiones","description":"El uso de una tarjeta de combustible TCS no solo ofrece ahorros en combustible, sino acceso a grandes descuentos en llantas y servicios para camiones.","robots":{"index":"index","follow":"follow","max-snippet":"max-snippet:-1","max-image-preview":"max-image-preview:large","max-video-preview":"max-video-preview:-1"},"canonical":"https:\/\/www.tcsfuel.com\/es\/descuentos\/servicio\/","og_locale":"es_ES","og_type":"article","og_title":"Descuentos en Servicios de Llantas y Camiones","og_description":"El uso de una tarjeta de combustible TCS no solo ofrece ahorros en combustible, sino acceso a grandes descuentos en llantas y servicios para camiones.","og_url":"https:\/\/www.tcsfuel.com\/es\/descuentos\/servicio\/","og_site_name":"TCS Fuel Card | TransConnect Services","article_publisher":"https:\/\/www.facebook.com\/TCSFuel\/","article_modified_time":"2025-08-06T14:22:39+00:00","og_image":[{"width":1200,"height":628,"url":"https:\/\/www.tcsfuel.com\/wp-content\/uploads\/2024\/01\/Service_Center.jpg","type":"image\/jpeg"}],"twitter_card":"summary_large_image","twitter_site":"@TCSFuel","twitter_misc":{"Tiempo de lectura":"5 minutos"},"schema":{"@context":"https:\/\/schema.org","@graph":[{"@type":"WebPage","@id":"https:\/\/www.tcsfuel.com\/es\/descuentos\/servicio\/","url":"https:\/\/www.tcsfuel.com\/es\/descuentos\/servicio\/","name":"Descuentos en Servicios de Llantas y Camiones","isPartOf":{"@id":"https:\/\/www.tcsfuel.com\/es\/#website"},"primaryImageOfPage":{"@id":"https:\/\/www.tcsfuel.com\/es\/descuentos\/servicio\/#primaryimage"},"image":{"@id":"https:\/\/www.tcsfuel.com\/es\/descuentos\/servicio\/#primaryimage"},"thumbnailUrl":"https:\/\/www.tcsfuel.com\/wp-content\/uploads\/2024\/01\/Service_Center.jpg","datePublished":"2023-09-29T01:09:53+00:00","dateModified":"2025-08-06T14:22:39+00:00","description":"El uso de una tarjeta de combustible TCS no solo ofrece ahorros en combustible, sino acceso a grandes descuentos en llantas y servicios para camiones.","breadcrumb":{"@id":"https:\/\/www.tcsfuel.com\/es\/descuentos\/servicio\/#breadcrumb"},"inLanguage":"es","potentialAction":[{"@type":"ReadAction","target":["https:\/\/www.tcsfuel.com\/es\/descuentos\/servicio\/"]}]},{"@type":"ImageObject","inLanguage":"es","@id":"https:\/\/www.tcsfuel.com\/es\/descuentos\/servicio\/#primaryimage","url":"https:\/\/www.tcsfuel.com\/wp-content\/uploads\/2024\/01\/Service_Center.jpg","contentUrl":"https:\/\/www.tcsfuel.com\/wp-content\/uploads\/2024\/01\/Service_Center.jpg","width":1200,"height":628,"caption":"TA Truck Service"},{"@type":"BreadcrumbList","@id":"https:\/\/www.tcsfuel.com\/es\/descuentos\/servicio\/#breadcrumb","itemListElement":[{"@type":"ListItem","position":1,"name":"Home","item":"https:\/\/www.tcsfuel.com\/es\/"},{"@type":"ListItem","position":2,"name":"Descuentos en Servicios de Llantas y Camiones"}]},{"@type":"WebSite","@id":"https:\/\/www.tcsfuel.com\/es\/#website","url":"https:\/\/www.tcsfuel.com\/es\/","name":"TCS Fuel Card | Diesel Fuel Discounts for Truckers & Fleets","description":"Fuel Cards &amp; Diesel Discounts for Truckers &amp; Trucking Companies","publisher":{"@id":"https:\/\/www.tcsfuel.com\/es\/#organization"},"alternateName":"TransConnect Services for Trucking Companies","potentialAction":[{"@type":"SearchAction","target":{"@type":"EntryPoint","urlTemplate":"https:\/\/www.tcsfuel.com\/es\/?s={search_term_string}"},"query-input":{"@type":"PropertyValueSpecification","valueRequired":true,"valueName":"search_term_string"}}],"inLanguage":"es"},{"@type":"Organization","@id":"https:\/\/www.tcsfuel.com\/es\/#organization","name":"TCS Fuel","alternateName":"TransConnect Services","url":"https:\/\/www.tcsfuel.com\/es\/","logo":{"@type":"ImageObject","inLanguage":"es","@id":"https:\/\/www.tcsfuel.com\/es\/#\/schema\/logo\/image\/","url":"https:\/\/www.tcsfuel.com\/wp-content\/uploads\/2024\/01\/logo.jpg","contentUrl":"https:\/\/www.tcsfuel.com\/wp-content\/uploads\/2024\/01\/logo.jpg","width":1200,"height":628,"caption":"TCS Fuel"},"image":{"@id":"https:\/\/www.tcsfuel.com\/es\/#\/schema\/logo\/image\/"},"sameAs":["https:\/\/www.facebook.com\/TCSFuel\/","https:\/\/x.com\/TCSFuel","https:\/\/www.linkedin.com\/company\/tcsfuel\/","https:\/\/www.instagram.com\/tcsfuel"],"description":"TCS offers truckers and trucking companies ways to save on fuel, service, and other expenses with the TCS fuel card and diesel fuel discounts.","email":"info@tcsfuel.com","legalName":"TransConnect Partner Solutions, Inc.","foundingDate":"2014-01-01","numberOfEmployees":{"@type":"QuantitativeValue","minValue":"51","maxValue":"200"}}]}},"_links":{"self":[{"href":"https:\/\/www.tcsfuel.com\/es\/wp-json\/wp\/v2\/pages\/7757","targetHints":{"allow":["GET"]}}],"collection":[{"href":"https:\/\/www.tcsfuel.com\/es\/wp-json\/wp\/v2\/pages"}],"about":[{"href":"https:\/\/www.tcsfuel.com\/es\/wp-json\/wp\/v2\/types\/page"}],"author":[{"embeddable":true,"href":"https:\/\/www.tcsfuel.com\/es\/wp-json\/wp\/v2\/users\/1"}],"replies":[{"embeddable":true,"href":"https:\/\/www.tcsfuel.com\/es\/wp-json\/wp\/v2\/comments?post=7757"}],"version-history":[{"count":0,"href":"https:\/\/www.tcsfuel.com\/es\/wp-json\/wp\/v2\/pages\/7757\/revisions"}],"up":[{"embeddable":true,"href":"https:\/\/www.tcsfuel.com\/es\/wp-json\/wp\/v2\/pages\/7756"}],"wp:featuredmedia":[{"embeddable":true,"href":"https:\/\/www.tcsfuel.com\/es\/wp-json\/wp\/v2\/media\/8332"}],"wp:attachment":[{"href":"https:\/\/www.tcsfuel.com\/es\/wp-json\/wp\/v2\/media?parent=7757"}],"curies":[{"name":"wp","href":"https:\/\/api.w.org\/{rel}","templated":true}]}}