{"id":7755,"date":"2026-04-09T11:46:48","date_gmt":"2026-04-09T16:46:48","guid":{"rendered":"http:\/\/tcsfuel.com\/free-fuel-guide\/faq\/"},"modified":"2025-10-17T12:32:54","modified_gmt":"2025-10-17T17:32:54","slug":"faq","status":"publish","type":"page","link":"https:\/\/www.tcsfuel.com\/es\/faq\/","title":{"rendered":"Preguntas Frecuentes Sobre TCS"},"content":{"rendered":"<div class=\"wpb-content-wrapper\"><p>[vc_row][vc_column][vc_column_text el_class=&#8221;pb-65&#8243;]Bienvenido a la secci\u00f3n de Preguntas frecuentes (FAQ) sobre TCS Fuel. Queremos abordar preguntas comunes y ofrecer informaci\u00f3n valiosa para que los camioneros utilicen nuestros servicios de tarjetas de combustible. Como socio confiable en la industria del transporte, TCS se compromete a simplificar su experiencia de gesti\u00f3n de combustible, mejorar la eficiencia y optimizar el ahorro de costos para sus operaciones de transporte por carretera.[\/vc_column_text][\/vc_column][\/vc_row][vc_row full_width=&#8221;stretch_row&#8221; content_placement=&#8221;bottom&#8221; el_class=&#8221;pb-85 mb-85&#8243; css=&#8221;.vc_custom_1702325454166{background-image: url(http:\/\/tcsfuel.com\/wp-content\/uploads\/2024\/03\/grey-fold-1920-1311a.png?id=378) !important;background-position: center !important;background-repeat: no-repeat !important;background-size: cover !important;}&#8221;][vc_column offset=&#8221;vc_col-md-offset-1 vc_col-md-10&#8243;][vc_column_text]<\/p>\n<h2 class=\"section-heading-two\">Primeros Pasos con TCS Fuel<\/h2>\n<p>[\/vc_column_text][vc_tta_accordion c_position=&#8221;right&#8221; active_section=&#8221;99999&#8243; no_fill=&#8221;true&#8221; collapsible_all=&#8221;true&#8221; el_id=&#8221;tcs_faqs&#8221;][vc_tta_section title=&#8221;\u00bfCu\u00e1nto tiempo se tarda en empezar?&#8221; tab_id=&#8221;1702323733471-ff5d6f5e-aa92&#8243;][vc_column_text]Registrarse para obtener una cuenta de TCS Fuel lleva menos de 10 minutos a trav\u00e9s de nuestro portal de solicitudes. Su cuenta de TCS Fuel se crear\u00e1 poco despu\u00e9s de enviar su solicitud. Sus tarjetas de combustible f\u00edsicas se enviar\u00e1n a la direcci\u00f3n que proporcione dentro de 3 a 5 d\u00edas h\u00e1biles. Tenga en cuenta que las tarjetas TCS se env\u00edan a trav\u00e9s de FedEx y no se entregar\u00e1n en un apartado postal.[\/vc_column_text][\/vc_tta_section][vc_tta_section title=&#8221;\u00bfVerificar\u00e1s mi puntaje de cr\u00e9dito?&#8221; tab_id=&#8221;1702323733504-9af2217b-e830&#8243;][vc_column_text]No. Nuestras cuentas de combustible est\u00e1n aseguradas en efectivo y no requieren verificaci\u00f3n de cr\u00e9dito.[\/vc_column_text][\/vc_tta_section][vc_tta_section title=&#8221;C\u00f3mo activar tu tarjeta de combustible TCS&#8221; tab_id=&#8221;1702323884343-d62014ff-a885&#8243;][vc_column_text]Cuando reciba sus tarjetas de combustible, inicie sesi\u00f3n en mytcsfuel.transconnectservices.com para activar su cuenta de tarjeta de combustible. Seguir\u00e1 algunos pasos para asignar y activar tarjetas individuales y proteger la cuenta. Tambi\u00e9n puede llamar a nuestra l\u00ednea de Servicio al Cliente 24 horas al d\u00eda, 7 d\u00edas a la semana al 844-827-7696.[\/vc_column_text][\/vc_tta_section][vc_tta_section title=&#8221;\u00bfC\u00f3mo cargo fondos en mi cuenta TCS?&#8221; tab_id=&#8221;1702323733544-e250b581-fce9&#8243;][vc_column_text]Hacemos que sea f\u00e1cil financiar su tarjeta TCS Fuel a trav\u00e9s de Zelle\u00ae, cr\u00e9dito ACH (transferencia de banco a banco), transferencia bancaria, Western Union y cheques de terceros (Comchek, cheques EFS o T-chek). Se le proporcionar\u00e1 una lista completa de opciones e instrucciones cuando active su cuenta.[\/vc_column_text][\/vc_tta_section][\/vc_tta_accordion][vc_empty_space][vc_column_text el_class=&#8221;pt-20&#8243;]<\/p>\n<h2 class=\"section-heading-two\">Uso de su tarjeta de combustible TCS<\/h2>\n<p>[\/vc_column_text][vc_tta_accordion c_position=&#8221;right&#8221; active_section=&#8221;99999&#8243; no_fill=&#8221;true&#8221; collapsible_all=&#8221;true&#8221; el_id=&#8221;tcs_faqs&#8221;][vc_tta_section title=&#8221;\u00bfD\u00f3nde se acepta la Tarjeta de Combustible TCS?&#8221; tab_id=&#8221;1695937865325-50c54cc6-7cd3&#8243;][vc_column_text css=&#8221;&#8221;]<\/p>\n<p>La tarjeta de combustible TCS se acepta en todo el pa\u00eds y en todo Canad\u00e1 en m\u00e1s de 12,000 paradas de abastecimiento de combustible para camiones, incluida nuestra red de m\u00e1s de 2,300 ubicaciones dentro de la red, incluidas TA\u00ae, Petro Stopping Centers\u00ae, TA Express\u00ae, AMBEST, Speedway, Kwik Trip, Kwik Star, PWI, Road Ranger, Roady&#8217;s, Sapp Bros y m\u00e1s.<\/p>\n<p>[\/vc_column_text][\/vc_tta_section][vc_tta_section title=&#8221;\u00bfC\u00f3mo puedo encontrar las ubicaciones de combustible con descuento dentro de la red?&#8221; tab_id=&#8221;1695938847418-34ecc2d6-7bee&#8221;][vc_column_text]Puede encontrar paradas de camiones con descuentos utilizando nuestro Buscador de combustible para paradas de camiones en la aplicaci\u00f3n m\u00f3vil de TCS y en el sitio web de TCS una vez que haya configurado su cuenta.[\/vc_column_text][\/vc_tta_section][vc_tta_section title=&#8221;\u00bfC\u00f3mo cargo fondos en mi cuenta TCS?&#8221; tab_id=&#8221;1695939260754-e1f6232a-8e0b&#8221;][vc_column_text]Hacemos que sea f\u00e1cil financiar su tarjeta TCS Fuel a trav\u00e9s de Zelle\u00ae, cr\u00e9dito ACH (transferencia de banco a banco), transferencia bancaria, Western Union y cheques de terceros (Comchek, cheques EFS o T-chek). Se le proporcionar\u00e1 una lista completa de opciones e instrucciones cuando active su cuenta.[\/vc_column_text][\/vc_tta_section][vc_tta_section title=&#8221;\u00bfCu\u00e1nto dinero puedo cargar en mi cuenta TCS?&#8221; tab_id=&#8221;1695939250652-ab4014ce-1c96&#8243;][vc_column_text]La mayor\u00eda de los clientes cargan lo suficiente en sus cuentas para que les dure entre 5 y 7 d\u00edas, pero no hay m\u00ednimos ni l\u00edmites.[\/vc_column_text][\/vc_tta_section][vc_tta_section title=&#8221;\u00bfD\u00f3nde veo descuentos en combustible?&#8221; tab_id=&#8221;1695939271485-042ea312-a6b2&#8243;][vc_column_text]No ver\u00e1 el precio del combustible con descuento en el surtidor. Podr\u00e1 ver su descuento en su cuenta de TCS Fuel en la aplicaci\u00f3n m\u00f3vil de TCS o en el sitio del cliente MyTCSFuel.[\/vc_column_text][\/vc_tta_section][vc_tta_section title=&#8221;\u00bfCu\u00e1les son las tarifas de transacci\u00f3n?&#8221; tab_id=&#8221;1695938846732-ef65ae41-aaba&#8221;][vc_column_text]Usted paga tarifas de transacci\u00f3n de $0 por compras de combustible en todas las ubicaciones dentro de la red. Las tarifas de transacciones fuera de la red var\u00edan.[\/vc_column_text][\/vc_tta_section][vc_tta_section title=&#8221;\u00bfHay alguna tarifa mensual?&#8221; tab_id=&#8221;1695939219822-841da6fc-21cc&#8221;][vc_column_text]No. TCS no cobra tarifas anuales, mensuales, de membres\u00eda ni de activaci\u00f3n de cuenta.[\/vc_column_text][\/vc_tta_section][vc_tta_section title=&#8221;\u00bfC\u00f3mo puedo recomendar a una amiga para usar TCS?&#8221; tab_id=&#8221;1700248815781-1f22d331-636d&#8221;][vc_column_text]Cuando su cuenta est\u00e9 configurada, puede recomendar a un amigo utilizando un c\u00f3digo de referencia personal. Cuando comiencen a usar sus tarjetas de combustible para comprar combustible, \u00a1recibir\u00e1 un regalo de agradecimiento de parte de TCS![\/vc_column_text][\/vc_tta_section][vc_tta_section title=&#8221;\u00bfC\u00f3mo cancelas tu Tarjeta de Combustible TCS?&#8221; tab_id=&#8221;1702325136504-9348fa1f-86d2&#8243;][vc_column_text]Comun\u00edquese con nuestro equipo de atenci\u00f3n al cliente 24 horas al d\u00eda, 7 d\u00edas a la semana al 844-827-7696 para cancelar su cuenta.[\/vc_column_text][\/vc_tta_section][\/vc_tta_accordion][\/vc_column][\/vc_row][vc_row full_width=&#8221;stretch_row&#8221; content_placement=&#8221;middle&#8221; el_id=&#8221;post-footer&#8221; el_class=&#8221;arrow-bg-right pt-10 pb-20&#8243;][vc_column][\/vc_column][vc_column][\/vc_column][\/vc_row]<\/p>\n<\/div>","protected":false},"excerpt":{"rendered":"<p>[vc_row][vc_column][vc_column_text el_class=&#8221;pb-65&#8243;]Bienvenido a la secci\u00f3n de Preguntas frecuentes (FAQ) sobre TCS Fuel. Queremos abordar preguntas comunes y ofrecer informaci\u00f3n valiosa para que los camioneros utilicen nuestros servicios de tarjetas de combustible. Como socio confiable en la industria del transporte, TCS se compromete a simplificar su experiencia de gesti\u00f3n de combustible, mejorar la eficiencia y optimizar [&hellip;]<\/p>\n","protected":false},"author":1,"featured_media":8328,"parent":0,"menu_order":0,"comment_status":"closed","ping_status":"closed","template":"","meta":{"_acf_changed":false,"inline_featured_image":false,"footnotes":""},"class_list":["post-7755","page","type-page","status-publish","has-post-thumbnail","hentry"],"acf":[],"yoast_head":"<!-- This site is optimized with the Yoast SEO Premium plugin v27.3 (Yoast SEO v27.3) - https:\/\/yoast.com\/product\/yoast-seo-premium-wordpress\/ -->\n<title>Preguntas frecuentes (FAQ) sobre TCS Fuel<\/title>\n<meta name=\"description\" content=\"Queremos abordar preguntas comunes y ofrecer informaci\u00f3n valiosa para que los camioneros utilicen nuestros servicios de tarjetas de combustible.\" \/>\n<meta name=\"robots\" content=\"index, follow, max-snippet:-1, max-image-preview:large, max-video-preview:-1\" \/>\n<link rel=\"canonical\" href=\"https:\/\/www.tcsfuel.com\/es\/faq\/\" \/>\n<meta property=\"og:locale\" content=\"es_ES\" \/>\n<meta property=\"og:type\" content=\"article\" \/>\n<meta property=\"og:title\" content=\"Preguntas Frecuentes Sobre TCS\" \/>\n<meta property=\"og:description\" content=\"Queremos abordar preguntas comunes y ofrecer informaci\u00f3n valiosa para que los camioneros utilicen nuestros servicios de tarjetas de combustible.\" \/>\n<meta property=\"og:url\" content=\"https:\/\/www.tcsfuel.com\/es\/faq\/\" \/>\n<meta property=\"og:site_name\" content=\"TCS Fuel Card | TransConnect Services\" \/>\n<meta property=\"article:publisher\" content=\"https:\/\/www.facebook.com\/TCSFuel\/\" \/>\n<meta property=\"og:image\" content=\"https:\/\/www.tcsfuel.com\/wp-content\/uploads\/2024\/01\/logo.jpg\" \/>\n\t<meta property=\"og:image:width\" content=\"1200\" \/>\n\t<meta property=\"og:image:height\" content=\"628\" \/>\n\t<meta property=\"og:image:type\" content=\"image\/jpeg\" \/>\n<meta name=\"twitter:card\" content=\"summary_large_image\" \/>\n<meta name=\"twitter:site\" content=\"@TCSFuel\" \/>\n<meta name=\"twitter:label1\" content=\"Tiempo de lectura\" \/>\n\t<meta name=\"twitter:data1\" content=\"4 minutos\" \/>\n<script type=\"application\/ld+json\" class=\"yoast-schema-graph\">{\"@context\":\"https:\\\/\\\/schema.org\",\"@graph\":[{\"@type\":\"WebPage\",\"@id\":\"https:\\\/\\\/www.tcsfuel.com\\\/es\\\/faq\\\/\",\"url\":\"https:\\\/\\\/www.tcsfuel.com\\\/es\\\/faq\\\/\",\"name\":\"Preguntas frecuentes (FAQ) sobre TCS Fuel\",\"isPartOf\":{\"@id\":\"https:\\\/\\\/www.tcsfuel.com\\\/es\\\/#website\"},\"primaryImageOfPage\":{\"@id\":\"https:\\\/\\\/www.tcsfuel.com\\\/es\\\/faq\\\/#primaryimage\"},\"image\":{\"@id\":\"https:\\\/\\\/www.tcsfuel.com\\\/es\\\/faq\\\/#primaryimage\"},\"thumbnailUrl\":\"https:\\\/\\\/www.tcsfuel.com\\\/wp-content\\\/uploads\\\/2024\\\/01\\\/logo.jpg\",\"datePublished\":\"2026-04-09T16:46:48+00:00\",\"description\":\"Queremos abordar preguntas comunes y ofrecer informaci\u00f3n valiosa para que los camioneros utilicen nuestros servicios de tarjetas de combustible.\",\"breadcrumb\":{\"@id\":\"https:\\\/\\\/www.tcsfuel.com\\\/es\\\/faq\\\/#breadcrumb\"},\"inLanguage\":\"es\",\"potentialAction\":[{\"@type\":\"ReadAction\",\"target\":[\"https:\\\/\\\/www.tcsfuel.com\\\/es\\\/faq\\\/\"]}]},{\"@type\":\"ImageObject\",\"inLanguage\":\"es\",\"@id\":\"https:\\\/\\\/www.tcsfuel.com\\\/es\\\/faq\\\/#primaryimage\",\"url\":\"https:\\\/\\\/www.tcsfuel.com\\\/wp-content\\\/uploads\\\/2024\\\/01\\\/logo.jpg\",\"contentUrl\":\"https:\\\/\\\/www.tcsfuel.com\\\/wp-content\\\/uploads\\\/2024\\\/01\\\/logo.jpg\",\"width\":1200,\"height\":628,\"caption\":\"TCS logo\"},{\"@type\":\"BreadcrumbList\",\"@id\":\"https:\\\/\\\/www.tcsfuel.com\\\/es\\\/faq\\\/#breadcrumb\",\"itemListElement\":[{\"@type\":\"ListItem\",\"position\":1,\"name\":\"Home\",\"item\":\"https:\\\/\\\/www.tcsfuel.com\\\/es\\\/\"},{\"@type\":\"ListItem\",\"position\":2,\"name\":\"Preguntas Frecuentes Sobre TCS\"}]},{\"@type\":\"WebSite\",\"@id\":\"https:\\\/\\\/www.tcsfuel.com\\\/es\\\/#website\",\"url\":\"https:\\\/\\\/www.tcsfuel.com\\\/es\\\/\",\"name\":\"TCS Fuel Card | Diesel Fuel Discounts for Truckers & Fleets\",\"description\":\"Fuel Cards &amp; Diesel Discounts for Truckers &amp; Trucking Companies\",\"publisher\":{\"@id\":\"https:\\\/\\\/www.tcsfuel.com\\\/es\\\/#organization\"},\"alternateName\":\"TransConnect Services for Trucking Companies\",\"potentialAction\":[{\"@type\":\"SearchAction\",\"target\":{\"@type\":\"EntryPoint\",\"urlTemplate\":\"https:\\\/\\\/www.tcsfuel.com\\\/es\\\/?s={search_term_string}\"},\"query-input\":{\"@type\":\"PropertyValueSpecification\",\"valueRequired\":true,\"valueName\":\"search_term_string\"}}],\"inLanguage\":\"es\"},{\"@type\":\"Organization\",\"@id\":\"https:\\\/\\\/www.tcsfuel.com\\\/es\\\/#organization\",\"name\":\"TCS Fuel\",\"alternateName\":\"TransConnect Services\",\"url\":\"https:\\\/\\\/www.tcsfuel.com\\\/es\\\/\",\"logo\":{\"@type\":\"ImageObject\",\"inLanguage\":\"es\",\"@id\":\"https:\\\/\\\/www.tcsfuel.com\\\/es\\\/#\\\/schema\\\/logo\\\/image\\\/\",\"url\":\"https:\\\/\\\/www.tcsfuel.com\\\/wp-content\\\/uploads\\\/2024\\\/01\\\/logo.jpg\",\"contentUrl\":\"https:\\\/\\\/www.tcsfuel.com\\\/wp-content\\\/uploads\\\/2024\\\/01\\\/logo.jpg\",\"width\":1200,\"height\":628,\"caption\":\"TCS Fuel\"},\"image\":{\"@id\":\"https:\\\/\\\/www.tcsfuel.com\\\/es\\\/#\\\/schema\\\/logo\\\/image\\\/\"},\"sameAs\":[\"https:\\\/\\\/www.facebook.com\\\/TCSFuel\\\/\",\"https:\\\/\\\/x.com\\\/TCSFuel\",\"https:\\\/\\\/www.linkedin.com\\\/company\\\/tcsfuel\\\/\",\"https:\\\/\\\/www.instagram.com\\\/tcsfuel\"],\"description\":\"TCS offers truckers and trucking companies ways to save on fuel, service, and other expenses with the TCS fuel card and diesel fuel discounts.\",\"email\":\"info@tcsfuel.com\",\"legalName\":\"TransConnect Partner Solutions, Inc.\",\"foundingDate\":\"2014-01-01\",\"numberOfEmployees\":{\"@type\":\"QuantitativeValue\",\"minValue\":\"51\",\"maxValue\":\"200\"}}]}<\/script>\n<!-- \/ Yoast SEO Premium plugin. -->","yoast_head_json":{"title":"Preguntas frecuentes (FAQ) sobre TCS Fuel","description":"Queremos abordar preguntas comunes y ofrecer informaci\u00f3n valiosa para que los camioneros utilicen nuestros servicios de tarjetas de combustible.","robots":{"index":"index","follow":"follow","max-snippet":"max-snippet:-1","max-image-preview":"max-image-preview:large","max-video-preview":"max-video-preview:-1"},"canonical":"https:\/\/www.tcsfuel.com\/es\/faq\/","og_locale":"es_ES","og_type":"article","og_title":"Preguntas Frecuentes Sobre TCS","og_description":"Queremos abordar preguntas comunes y ofrecer informaci\u00f3n valiosa para que los camioneros utilicen nuestros servicios de tarjetas de combustible.","og_url":"https:\/\/www.tcsfuel.com\/es\/faq\/","og_site_name":"TCS Fuel Card | TransConnect Services","article_publisher":"https:\/\/www.facebook.com\/TCSFuel\/","og_image":[{"width":1200,"height":628,"url":"https:\/\/www.tcsfuel.com\/wp-content\/uploads\/2024\/01\/logo.jpg","type":"image\/jpeg"}],"twitter_card":"summary_large_image","twitter_site":"@TCSFuel","twitter_misc":{"Tiempo de lectura":"4 minutos"},"schema":{"@context":"https:\/\/schema.org","@graph":[{"@type":"WebPage","@id":"https:\/\/www.tcsfuel.com\/es\/faq\/","url":"https:\/\/www.tcsfuel.com\/es\/faq\/","name":"Preguntas frecuentes (FAQ) sobre TCS Fuel","isPartOf":{"@id":"https:\/\/www.tcsfuel.com\/es\/#website"},"primaryImageOfPage":{"@id":"https:\/\/www.tcsfuel.com\/es\/faq\/#primaryimage"},"image":{"@id":"https:\/\/www.tcsfuel.com\/es\/faq\/#primaryimage"},"thumbnailUrl":"https:\/\/www.tcsfuel.com\/wp-content\/uploads\/2024\/01\/logo.jpg","datePublished":"2026-04-09T16:46:48+00:00","description":"Queremos abordar preguntas comunes y ofrecer informaci\u00f3n valiosa para que los camioneros utilicen nuestros servicios de tarjetas de combustible.","breadcrumb":{"@id":"https:\/\/www.tcsfuel.com\/es\/faq\/#breadcrumb"},"inLanguage":"es","potentialAction":[{"@type":"ReadAction","target":["https:\/\/www.tcsfuel.com\/es\/faq\/"]}]},{"@type":"ImageObject","inLanguage":"es","@id":"https:\/\/www.tcsfuel.com\/es\/faq\/#primaryimage","url":"https:\/\/www.tcsfuel.com\/wp-content\/uploads\/2024\/01\/logo.jpg","contentUrl":"https:\/\/www.tcsfuel.com\/wp-content\/uploads\/2024\/01\/logo.jpg","width":1200,"height":628,"caption":"TCS logo"},{"@type":"BreadcrumbList","@id":"https:\/\/www.tcsfuel.com\/es\/faq\/#breadcrumb","itemListElement":[{"@type":"ListItem","position":1,"name":"Home","item":"https:\/\/www.tcsfuel.com\/es\/"},{"@type":"ListItem","position":2,"name":"Preguntas Frecuentes Sobre TCS"}]},{"@type":"WebSite","@id":"https:\/\/www.tcsfuel.com\/es\/#website","url":"https:\/\/www.tcsfuel.com\/es\/","name":"TCS Fuel Card | Diesel Fuel Discounts for Truckers & Fleets","description":"Fuel Cards &amp; Diesel Discounts for Truckers &amp; Trucking Companies","publisher":{"@id":"https:\/\/www.tcsfuel.com\/es\/#organization"},"alternateName":"TransConnect Services for Trucking Companies","potentialAction":[{"@type":"SearchAction","target":{"@type":"EntryPoint","urlTemplate":"https:\/\/www.tcsfuel.com\/es\/?s={search_term_string}"},"query-input":{"@type":"PropertyValueSpecification","valueRequired":true,"valueName":"search_term_string"}}],"inLanguage":"es"},{"@type":"Organization","@id":"https:\/\/www.tcsfuel.com\/es\/#organization","name":"TCS Fuel","alternateName":"TransConnect Services","url":"https:\/\/www.tcsfuel.com\/es\/","logo":{"@type":"ImageObject","inLanguage":"es","@id":"https:\/\/www.tcsfuel.com\/es\/#\/schema\/logo\/image\/","url":"https:\/\/www.tcsfuel.com\/wp-content\/uploads\/2024\/01\/logo.jpg","contentUrl":"https:\/\/www.tcsfuel.com\/wp-content\/uploads\/2024\/01\/logo.jpg","width":1200,"height":628,"caption":"TCS Fuel"},"image":{"@id":"https:\/\/www.tcsfuel.com\/es\/#\/schema\/logo\/image\/"},"sameAs":["https:\/\/www.facebook.com\/TCSFuel\/","https:\/\/x.com\/TCSFuel","https:\/\/www.linkedin.com\/company\/tcsfuel\/","https:\/\/www.instagram.com\/tcsfuel"],"description":"TCS offers truckers and trucking companies ways to save on fuel, service, and other expenses with the TCS fuel card and diesel fuel discounts.","email":"info@tcsfuel.com","legalName":"TransConnect Partner Solutions, Inc.","foundingDate":"2014-01-01","numberOfEmployees":{"@type":"QuantitativeValue","minValue":"51","maxValue":"200"}}]}},"_links":{"self":[{"href":"https:\/\/www.tcsfuel.com\/es\/wp-json\/wp\/v2\/pages\/7755","targetHints":{"allow":["GET"]}}],"collection":[{"href":"https:\/\/www.tcsfuel.com\/es\/wp-json\/wp\/v2\/pages"}],"about":[{"href":"https:\/\/www.tcsfuel.com\/es\/wp-json\/wp\/v2\/types\/page"}],"author":[{"embeddable":true,"href":"https:\/\/www.tcsfuel.com\/es\/wp-json\/wp\/v2\/users\/1"}],"replies":[{"embeddable":true,"href":"https:\/\/www.tcsfuel.com\/es\/wp-json\/wp\/v2\/comments?post=7755"}],"version-history":[{"count":0,"href":"https:\/\/www.tcsfuel.com\/es\/wp-json\/wp\/v2\/pages\/7755\/revisions"}],"wp:featuredmedia":[{"embeddable":true,"href":"https:\/\/www.tcsfuel.com\/es\/wp-json\/wp\/v2\/media\/8328"}],"wp:attachment":[{"href":"https:\/\/www.tcsfuel.com\/es\/wp-json\/wp\/v2\/media?parent=7755"}],"curies":[{"name":"wp","href":"https:\/\/api.w.org\/{rel}","templated":true}]}}