{"id":7746,"date":"2023-10-09T22:20:23","date_gmt":"2023-10-10T03:20:23","guid":{"rendered":"http:\/\/tcsfuel.com\/tcs-mobile-app\/"},"modified":"2025-10-17T12:07:46","modified_gmt":"2025-10-17T17:07:46","slug":"aplicacion-movil-de-tcs","status":"publish","type":"page","link":"https:\/\/www.tcsfuel.com\/es\/utilidades\/aplicacion-movil-de-tcs\/","title":{"rendered":"Aplicaci\u00f3n M\u00f3vil de TCS"},"content":{"rendered":"<div class=\"wpb-content-wrapper\"><p>[vc_row el_class=&#8221;mb-85&#8243;][vc_column width=&#8221;1\/2&#8243;][vc_column_text css=&#8221;&#8221;]<\/p>\n<h2 class=\"section-heading-two mb-40\">Encuentre Combustible Con Descuentos en Su Ruta con la Aplicaci\u00f3n M\u00f3vil TCS<\/h2>\n<p>Pasar largas horas en la carretera puede ser complicado, especialmente cuando necesita saber d\u00f3nde cargar combustible o descansar. Con la Aplicaci\u00f3n M\u00f3vil TCS, podr\u00e1 planear todas sus paradas de manera eficiente y disfrutar de descuentos exclusivos en m\u00e1s de 2,300 paradas dentro de nuestra red. \u00a1Ahorre tiempo, dinero y energ\u00eda mientras se enfoca en manejar su negocio!<\/p>\n<p>En TCS Fuel, ofrecemos descuentos en di\u00e9sel que le ayudan a ahorrar dinero y mantener el control de su negocio. Descubra nuestras soluciones y perm\u00edtanos ayudarle a mantenerse seguro y eficiente en la carretera.<\/p>\n<a href=\"https:\/\/apply.transconnectservices.com\/#\/Apply?target=referral&amp;key=MARK\" class=\"theme-btn theme-btn-black cta\"><span>Obtenga la tarjeta de combustible TCS<\/span><\/a>\n<p>[\/vc_column_text][\/vc_column][vc_column width=&#8221;1\/2&#8243;][vc_single_image image=&#8221;655&#8243; img_size=&#8221;full&#8221;][\/vc_column][\/vc_row][vc_row full_width=&#8221;stretch_row&#8221; el_class=&#8221;pt-185 mb-50&#8243; css=&#8221;.vc_custom_1724875415808{background-image: url(https:\/\/www.tcsfuel.com\/wp-content\/uploads\/2024\/03\/grey-fold-1920-972.png?id=659) !important;background-position: 0 0 !important;background-repeat: no-repeat !important;}&#8221;][vc_column width=&#8221;5\/6&#8243; offset=&#8221;vc_col-sm-offset-1&#8243;][vc_column_text css=&#8221;&#8221; el_class=&#8221;text-center&#8221;]<\/p>\n<h2 class=\"section-heading-two mb-30\">Utilice la Aplicaci\u00f3n M\u00f3vil TCS para Encontrar Paradas de Camiones<\/h2>\n<p>Con la aplicaci\u00f3n m\u00f3vil de TCS, su tel\u00e9fono m\u00f3vil o tableta se convierte en un centro de control port\u00e1til. Puede encontrar paradas de camiones, ver precios con descuento en combustible en m\u00e1s de 2,300&nbsp;ubicaciones, realizar pagos por Zelle\u00ae para financiar su Tarjeta de Combustible TCS, administrar los controles de su tarjeta y emitir pagos en efectivo o cheques, todo en un solo lugar.<\/p>\n<p>La aplicaci\u00f3n es f\u00e1cil de usar y segura, permiti\u00e9ndole ver todos sus datos en cualquier momento. Es ideal para empresas como la suya, ayud\u00e1ndole a administrar los gastos y seguir el uso de su tarjeta.<\/p>\n<p>\u00a1Hacemos que el manejo del combustible sea r\u00e1pido y al alcance de su mano, para que sepa a d\u00f3nde va su dinero y pueda mejorar sus ganancias!<\/p>\n<p>[\/vc_column_text][\/vc_column][vc_column][vc_single_image image=&#8221;10790&#8243; img_size=&#8221;full&#8221; css=&#8221;&#8221;][\/vc_column][\/vc_row][vc_row][vc_column][vc_column_text css=&#8221;&#8221; el_class=&#8221;text-center&#8221;]<\/p>\n<h2 class=\"section-heading-two mb-30\">Qu\u00e9 Puede Hacer con Nuestra Aplicaci\u00f3n de Combustible<\/h2>\n<p>[\/vc_column_text][\/vc_column][vc_column width=&#8221;1\/2&#8243;][vc_column_text css=&#8221;&#8221;]<\/p>\n<ul>\n<li>Acceso a la cuenta las 24 horas del d\u00eda, los 7 d\u00edas de la semana desde su tel\u00e9fono m\u00f3vil o tableta<\/li>\n<li>Administre las tarjetas de combustible de su empresa desde cualquier lugar<\/li>\n<li>Reciba actualizaciones de cuenta en tiempo real para mantenerse informado<\/li>\n<li>Haga pagos de <strong>Zelle<sup>\u00ae<\/sup><\/strong> para financiar su tarjeta de combustible asegurada en efectivo<\/li>\n<li>Vea sus descuentos y ahorros de combustible de los \u00faltimos 30 d\u00edas, el a\u00f1o actual y de por vida<\/li>\n<li>Administre los controles de la tarjeta de combustible TCS: active y desactive la tarjeta, cambie los l\u00edmites de productos combustible y productos que no son combustible, y administre el efectivo<\/li>\n<\/ul>\n<p>[\/vc_column_text][\/vc_column][vc_column width=&#8221;1\/2&#8243;][vc_column_text css=&#8221;&#8221;]<\/p>\n<ul>\n<li>Vea informes de transacciones (producto, tarjeta, fecha, estado) e informes de transacciones rechazadas, que le indican cu\u00e1ndo y por qu\u00e9 se rechaz\u00f3 su tarjeta<\/li>\n<li>Cambie entre varias cuentas sin iniciar y cerrar la sesi\u00f3n<\/li>\n<li>Use el buscador de combustible de TCS para encontrar los mejores precios de combustible en su \u00e1rea o a lo largo de su ruta y busque los servicios de las paradas de camiones<\/li>\n<li>Emite cheques de EFS o Comdata de forma segura y anule cheques desde su cuenta de TCS<\/li>\n<li>Ordene tarjetas y cheques adicionales<\/li>\n<\/ul>\n<p>[\/vc_column_text][\/vc_column][vc_column][vc_column_text css=&#8221;&#8221; el_class=&#8221;text-center&#8221;]<\/p>\n<h2>\u00bfListo para Ahorrar?<\/h2>\n<p>Si no tiene la Tarjeta de Combustible TCS, aplique hoy para usar la aplicaci\u00f3n m\u00f3vil y empezar a ahorrar.<\/p>\n<p><a href=\"https:\/\/apply.transconnectservices.com\/#\/Apply?target=referral&amp;key=MARK\" class=\"theme-btn theme-btn-black cta\"><span>Obtenga la tarjeta de combustible TCS<\/span><\/a>[\/vc_column_text][\/vc_column][\/vc_row][vc_row el_class=&#8221;mt-85&#8243; css=&#8221;.vc_custom_1696892661527{border-top-width: 1px !important;border-top-color: #d9d9d9 !important;border-top-style: solid !important;}&#8221;][vc_column][vc_row_inner el_class=&#8221;pt-85&#8243;][vc_column_inner width=&#8221;1\/2&#8243;][vc_column_text css=&#8221;&#8221; el_class=&#8221;pb-25&#8243;]<\/p>\n<h2 class=\"section-heading-two mb-30\">Disfrute de la Conveniencia de Administrar su Cuenta en Cualquier Momento y en Cualquier Lugar<\/h2>\n<p>Cuando usa la Aplicaci\u00f3n M\u00f3vil TCS, no solo ahorra en combustible, sino que tambi\u00e9n simplifica la administraci\u00f3n diaria de su negocio. Estamos aqu\u00ed para ayudarle a mantenerse dentro de su presupuesto mientras mejora sus resultados financieros.<\/p>\n<p><strong>Desc\u00e1rguela hoy desde Google Play o App Store y comience a aprovechar las ventajas que miles de conductores ya disfrutan.<\/strong>[\/vc_column_text][\/vc_column_inner][vc_column_inner width=&#8221;1\/4&#8243;][vc_single_image image=&#8221;666&#8243; img_size=&#8221;full&#8221; onclick=&#8221;custom_link&#8221; img_link_target=&#8221;_blank&#8221; link=&#8221;https:\/\/apps.apple.com\/us\/app\/tcs-fuel\/id1037073139&#8243;][\/vc_column_inner][vc_column_inner width=&#8221;1\/4&#8243;][vc_single_image image=&#8221;669&#8243; img_size=&#8221;full&#8221; onclick=&#8221;custom_link&#8221; img_link_target=&#8221;_blank&#8221; link=&#8221;https:\/\/play.google.com\/store\/apps\/details?id=com.transconnectservices.clientApp&amp;pli=1&#8243;][\/vc_column_inner][\/vc_row_inner][\/vc_column][\/vc_row][vc_row full_width=&#8221;stretch_row&#8221; el_class=&#8221;pt-185 pb-125&#8243; css=&#8221;.vc_custom_1743104203640{background-image: url(https:\/\/www.tcsfuel.com\/wp-content\/uploads\/2024\/03\/black-fold-1920-943.png?id=671) !important;background-position: center !important;background-repeat: no-repeat !important;background-size: cover !important;}&#8221;][vc_column width=&#8221;1\/2&#8243;][vc_column_text css=&#8221;&#8221;]<\/p>\n<h2 class=\"section-heading-two text-white mb-30\">Beneficios de la Aplicaci\u00f3n M\u00f3vil TCS<\/h2>\n<p>Con nuestra aplicaci\u00f3n, tendr\u00e1 todo lo necesario para mejorar la eficiencia de sus operaciones y reducir sus gastos de transporte.<\/p>\n<ul>\n<li><span class=\"text-themeGold\">Ahorros Inmediatos:<\/span> Encuentre combustible con descuentos cerca de usted con nuestro localizador y obtenga ahorros exclusivos.<\/li>\n<li><span class=\"text-themeGold\">Comodidad Total:<\/span> Administre las tarjetas de combustible de su flota desde su celular, sin importar d\u00f3nde se encuentre.<\/li>\n<li><span class=\"text-themeGold\">Informaci\u00f3n en Tiempo Real:<\/span> Mant\u00e9ngase al d\u00eda con notificaciones instant\u00e1neas de su cuenta para mantenerse siempre informado.<\/li>\n<li><span class=\"text-themeGold\">Transacciones Seguras:<\/span> Realice pagos con Zelle\u00ae, emita cheques y controle gastos desde la palma de su mano.<\/li>\n<li><span class=\"text-themeGold\">Paradas Estrat\u00e9gicas:<\/span> Con el Fuel Finder, nuestro localizador de paradas de camiones, identifique estaciones que ofrezcan servicios como duchas, restaurantes y \u00e1reas de estacionamiento para planificar sus descansos eficientemente.<\/li>\n<\/ul>\n<p>[\/vc_column_text]<a href=\"https:\/\/apply.transconnectservices.com\/#\/Apply?target=referral&key=MARK\" class=\"theme-btn theme-btn-gold cta\"><span>Aplique Aqu\u00ed<\/span><\/a>[\/vc_column][vc_column width=&#8221;1\/2&#8243;][vc_single_image image=&#8221;9977&#8243; img_size=&#8221;full&#8221; alignment=&#8221;right&#8221; css=&#8221;&#8221;][\/vc_column][\/vc_row][vc_row full_width=&#8221;stretch_row&#8221; content_placement=&#8221;middle&#8221; el_class=&#8221;arrow-bg-right pt-10 pb-20&#8243; css=&#8221;.vc_custom_1693867722016{background-color: #ebebeb !important;}&#8221; el_id=&#8221;post-footer&#8221;][vc_column offset=&#8221;vc_col-md-7&#8243;][vc_single_image image=&#8221;138&#8243; img_size=&#8221;full&#8221;][\/vc_column][vc_column offset=&#8221;vc_col-md-5&#8243;][vc_column_text]<\/p>\n<h3>\u00bfEst\u00e1s Listo Para Obtener La Mejor Tarjeta De Combustible Para Camioneros?<\/h3>\n<p>[\/vc_column_text][vc_column_text]<\/p>\n<h3>Ll\u00e1menos hoy:<\/h3>\n<h5><a href=\"tel:844-827-7705\">844-827-7705<\/a><\/h5>\n<p>[\/vc_column_text][\/vc_column][\/vc_row]<\/p>\n<\/div>","protected":false},"excerpt":{"rendered":"<p>[vc_row el_class=&#8221;mb-85&#8243;][vc_column width=&#8221;1\/2&#8243;][vc_column_text css=&#8221;&#8221;] Encuentre Combustible Con Descuentos en Su Ruta con la Aplicaci\u00f3n M\u00f3vil TCS Pasar largas horas en la carretera puede ser complicado, especialmente cuando necesita saber d\u00f3nde cargar combustible o descansar. Con la Aplicaci\u00f3n M\u00f3vil TCS, podr\u00e1 planear todas sus paradas de manera eficiente y disfrutar de descuentos exclusivos en m\u00e1s de [&hellip;]<\/p>\n","protected":false},"author":1,"featured_media":0,"parent":7753,"menu_order":0,"comment_status":"closed","ping_status":"closed","template":"","meta":{"_acf_changed":false,"inline_featured_image":false,"footnotes":""},"class_list":["post-7746","page","type-page","status-publish","hentry"],"acf":[],"yoast_head":"<!-- This site is optimized with the Yoast SEO Premium plugin v27.3 (Yoast SEO v27.3) - https:\/\/yoast.com\/product\/yoast-seo-premium-wordpress\/ -->\n<title>Aplicaci\u00f3n M\u00f3vil de TCS | TCS Fuel<\/title>\n<meta name=\"description\" content=\"Encuentre Paradas de Camiones, Consulte Precios del Combustible, Haga Pagos y Mucho M\u00e1s Con la Aplicaci\u00f3n M\u00f3vil TCS y el Buscador de Combustible Gratuito\" \/>\n<meta name=\"robots\" content=\"index, follow, max-snippet:-1, max-image-preview:large, max-video-preview:-1\" \/>\n<link rel=\"canonical\" href=\"https:\/\/www.tcsfuel.com\/es\/utilidades\/aplicacion-movil-de-tcs\/\" \/>\n<meta property=\"og:locale\" content=\"es_ES\" \/>\n<meta property=\"og:type\" content=\"article\" \/>\n<meta property=\"og:title\" content=\"Aplicaci\u00f3n M\u00f3vil de TCS\" \/>\n<meta property=\"og:description\" content=\"Encuentre Paradas de Camiones, Consulte Precios del Combustible, Haga Pagos y Mucho M\u00e1s Con la Aplicaci\u00f3n M\u00f3vil TCS y el Buscador de Combustible Gratuito\" \/>\n<meta property=\"og:url\" content=\"https:\/\/www.tcsfuel.com\/es\/utilidades\/aplicacion-movil-de-tcs\/\" \/>\n<meta property=\"og:site_name\" content=\"TCS Fuel Card | TransConnect Services\" \/>\n<meta property=\"article:publisher\" content=\"https:\/\/www.facebook.com\/TCSFuel\/\" \/>\n<meta property=\"article:modified_time\" content=\"2025-10-17T17:07:46+00:00\" \/>\n<meta name=\"twitter:card\" content=\"summary_large_image\" \/>\n<meta name=\"twitter:site\" content=\"@TCSFuel\" \/>\n<meta name=\"twitter:label1\" content=\"Tiempo de lectura\" \/>\n\t<meta name=\"twitter:data1\" content=\"5 minutos\" \/>\n<script type=\"application\/ld+json\" class=\"yoast-schema-graph\">{\"@context\":\"https:\\\/\\\/schema.org\",\"@graph\":[{\"@type\":\"WebPage\",\"@id\":\"https:\\\/\\\/www.tcsfuel.com\\\/es\\\/utilidades\\\/aplicacion-movil-de-tcs\\\/\",\"url\":\"https:\\\/\\\/www.tcsfuel.com\\\/es\\\/utilidades\\\/aplicacion-movil-de-tcs\\\/\",\"name\":\"Aplicaci\u00f3n M\u00f3vil de TCS | TCS Fuel\",\"isPartOf\":{\"@id\":\"https:\\\/\\\/www.tcsfuel.com\\\/es\\\/#website\"},\"datePublished\":\"2023-10-10T03:20:23+00:00\",\"dateModified\":\"2025-10-17T17:07:46+00:00\",\"description\":\"Encuentre Paradas de Camiones, Consulte Precios del Combustible, Haga Pagos y Mucho M\u00e1s Con la Aplicaci\u00f3n M\u00f3vil TCS y el Buscador de Combustible Gratuito\",\"breadcrumb\":{\"@id\":\"https:\\\/\\\/www.tcsfuel.com\\\/es\\\/utilidades\\\/aplicacion-movil-de-tcs\\\/#breadcrumb\"},\"inLanguage\":\"es\",\"potentialAction\":[{\"@type\":\"ReadAction\",\"target\":[\"https:\\\/\\\/www.tcsfuel.com\\\/es\\\/utilidades\\\/aplicacion-movil-de-tcs\\\/\"]}]},{\"@type\":\"BreadcrumbList\",\"@id\":\"https:\\\/\\\/www.tcsfuel.com\\\/es\\\/utilidades\\\/aplicacion-movil-de-tcs\\\/#breadcrumb\",\"itemListElement\":[{\"@type\":\"ListItem\",\"position\":1,\"name\":\"Home\",\"item\":\"https:\\\/\\\/www.tcsfuel.com\\\/es\\\/\"},{\"@type\":\"ListItem\",\"position\":2,\"name\":\"Herramientas\",\"item\":\"https:\\\/\\\/www.tcsfuel.com\\\/es\\\/utilidades\\\/\"},{\"@type\":\"ListItem\",\"position\":3,\"name\":\"Aplicaci\u00f3n M\u00f3vil de TCS\"}]},{\"@type\":\"WebSite\",\"@id\":\"https:\\\/\\\/www.tcsfuel.com\\\/es\\\/#website\",\"url\":\"https:\\\/\\\/www.tcsfuel.com\\\/es\\\/\",\"name\":\"TCS Fuel Card | Diesel Fuel Discounts for Truckers & Fleets\",\"description\":\"Fuel Cards &amp; Diesel Discounts for Truckers &amp; Trucking Companies\",\"publisher\":{\"@id\":\"https:\\\/\\\/www.tcsfuel.com\\\/es\\\/#organization\"},\"alternateName\":\"TransConnect Services for Trucking Companies\",\"potentialAction\":[{\"@type\":\"SearchAction\",\"target\":{\"@type\":\"EntryPoint\",\"urlTemplate\":\"https:\\\/\\\/www.tcsfuel.com\\\/es\\\/?s={search_term_string}\"},\"query-input\":{\"@type\":\"PropertyValueSpecification\",\"valueRequired\":true,\"valueName\":\"search_term_string\"}}],\"inLanguage\":\"es\"},{\"@type\":\"Organization\",\"@id\":\"https:\\\/\\\/www.tcsfuel.com\\\/es\\\/#organization\",\"name\":\"TCS Fuel\",\"alternateName\":\"TransConnect Services\",\"url\":\"https:\\\/\\\/www.tcsfuel.com\\\/es\\\/\",\"logo\":{\"@type\":\"ImageObject\",\"inLanguage\":\"es\",\"@id\":\"https:\\\/\\\/www.tcsfuel.com\\\/es\\\/#\\\/schema\\\/logo\\\/image\\\/\",\"url\":\"https:\\\/\\\/www.tcsfuel.com\\\/wp-content\\\/uploads\\\/2024\\\/01\\\/logo.jpg\",\"contentUrl\":\"https:\\\/\\\/www.tcsfuel.com\\\/wp-content\\\/uploads\\\/2024\\\/01\\\/logo.jpg\",\"width\":1200,\"height\":628,\"caption\":\"TCS Fuel\"},\"image\":{\"@id\":\"https:\\\/\\\/www.tcsfuel.com\\\/es\\\/#\\\/schema\\\/logo\\\/image\\\/\"},\"sameAs\":[\"https:\\\/\\\/www.facebook.com\\\/TCSFuel\\\/\",\"https:\\\/\\\/x.com\\\/TCSFuel\",\"https:\\\/\\\/www.linkedin.com\\\/company\\\/tcsfuel\\\/\",\"https:\\\/\\\/www.instagram.com\\\/tcsfuel\"],\"description\":\"TCS offers truckers and trucking companies ways to save on fuel, service, and other expenses with the TCS fuel card and diesel fuel discounts.\",\"email\":\"info@tcsfuel.com\",\"legalName\":\"TransConnect Partner Solutions, Inc.\",\"foundingDate\":\"2014-01-01\",\"numberOfEmployees\":{\"@type\":\"QuantitativeValue\",\"minValue\":\"51\",\"maxValue\":\"200\"}}]}<\/script>\n<!-- \/ Yoast SEO Premium plugin. -->","yoast_head_json":{"title":"Aplicaci\u00f3n M\u00f3vil de TCS | TCS Fuel","description":"Encuentre Paradas de Camiones, Consulte Precios del Combustible, Haga Pagos y Mucho M\u00e1s Con la Aplicaci\u00f3n M\u00f3vil TCS y el Buscador de Combustible Gratuito","robots":{"index":"index","follow":"follow","max-snippet":"max-snippet:-1","max-image-preview":"max-image-preview:large","max-video-preview":"max-video-preview:-1"},"canonical":"https:\/\/www.tcsfuel.com\/es\/utilidades\/aplicacion-movil-de-tcs\/","og_locale":"es_ES","og_type":"article","og_title":"Aplicaci\u00f3n M\u00f3vil de TCS","og_description":"Encuentre Paradas de Camiones, Consulte Precios del Combustible, Haga Pagos y Mucho M\u00e1s Con la Aplicaci\u00f3n M\u00f3vil TCS y el Buscador de Combustible Gratuito","og_url":"https:\/\/www.tcsfuel.com\/es\/utilidades\/aplicacion-movil-de-tcs\/","og_site_name":"TCS Fuel Card | TransConnect Services","article_publisher":"https:\/\/www.facebook.com\/TCSFuel\/","article_modified_time":"2025-10-17T17:07:46+00:00","twitter_card":"summary_large_image","twitter_site":"@TCSFuel","twitter_misc":{"Tiempo de lectura":"5 minutos"},"schema":{"@context":"https:\/\/schema.org","@graph":[{"@type":"WebPage","@id":"https:\/\/www.tcsfuel.com\/es\/utilidades\/aplicacion-movil-de-tcs\/","url":"https:\/\/www.tcsfuel.com\/es\/utilidades\/aplicacion-movil-de-tcs\/","name":"Aplicaci\u00f3n M\u00f3vil de TCS | TCS Fuel","isPartOf":{"@id":"https:\/\/www.tcsfuel.com\/es\/#website"},"datePublished":"2023-10-10T03:20:23+00:00","dateModified":"2025-10-17T17:07:46+00:00","description":"Encuentre Paradas de Camiones, Consulte Precios del Combustible, Haga Pagos y Mucho M\u00e1s Con la Aplicaci\u00f3n M\u00f3vil TCS y el Buscador de Combustible Gratuito","breadcrumb":{"@id":"https:\/\/www.tcsfuel.com\/es\/utilidades\/aplicacion-movil-de-tcs\/#breadcrumb"},"inLanguage":"es","potentialAction":[{"@type":"ReadAction","target":["https:\/\/www.tcsfuel.com\/es\/utilidades\/aplicacion-movil-de-tcs\/"]}]},{"@type":"BreadcrumbList","@id":"https:\/\/www.tcsfuel.com\/es\/utilidades\/aplicacion-movil-de-tcs\/#breadcrumb","itemListElement":[{"@type":"ListItem","position":1,"name":"Home","item":"https:\/\/www.tcsfuel.com\/es\/"},{"@type":"ListItem","position":2,"name":"Herramientas","item":"https:\/\/www.tcsfuel.com\/es\/utilidades\/"},{"@type":"ListItem","position":3,"name":"Aplicaci\u00f3n M\u00f3vil de TCS"}]},{"@type":"WebSite","@id":"https:\/\/www.tcsfuel.com\/es\/#website","url":"https:\/\/www.tcsfuel.com\/es\/","name":"TCS Fuel Card | Diesel Fuel Discounts for Truckers & Fleets","description":"Fuel Cards &amp; Diesel Discounts for Truckers &amp; Trucking Companies","publisher":{"@id":"https:\/\/www.tcsfuel.com\/es\/#organization"},"alternateName":"TransConnect Services for Trucking Companies","potentialAction":[{"@type":"SearchAction","target":{"@type":"EntryPoint","urlTemplate":"https:\/\/www.tcsfuel.com\/es\/?s={search_term_string}"},"query-input":{"@type":"PropertyValueSpecification","valueRequired":true,"valueName":"search_term_string"}}],"inLanguage":"es"},{"@type":"Organization","@id":"https:\/\/www.tcsfuel.com\/es\/#organization","name":"TCS Fuel","alternateName":"TransConnect Services","url":"https:\/\/www.tcsfuel.com\/es\/","logo":{"@type":"ImageObject","inLanguage":"es","@id":"https:\/\/www.tcsfuel.com\/es\/#\/schema\/logo\/image\/","url":"https:\/\/www.tcsfuel.com\/wp-content\/uploads\/2024\/01\/logo.jpg","contentUrl":"https:\/\/www.tcsfuel.com\/wp-content\/uploads\/2024\/01\/logo.jpg","width":1200,"height":628,"caption":"TCS Fuel"},"image":{"@id":"https:\/\/www.tcsfuel.com\/es\/#\/schema\/logo\/image\/"},"sameAs":["https:\/\/www.facebook.com\/TCSFuel\/","https:\/\/x.com\/TCSFuel","https:\/\/www.linkedin.com\/company\/tcsfuel\/","https:\/\/www.instagram.com\/tcsfuel"],"description":"TCS offers truckers and trucking companies ways to save on fuel, service, and other expenses with the TCS fuel card and diesel fuel discounts.","email":"info@tcsfuel.com","legalName":"TransConnect Partner Solutions, Inc.","foundingDate":"2014-01-01","numberOfEmployees":{"@type":"QuantitativeValue","minValue":"51","maxValue":"200"}}]}},"_links":{"self":[{"href":"https:\/\/www.tcsfuel.com\/es\/wp-json\/wp\/v2\/pages\/7746","targetHints":{"allow":["GET"]}}],"collection":[{"href":"https:\/\/www.tcsfuel.com\/es\/wp-json\/wp\/v2\/pages"}],"about":[{"href":"https:\/\/www.tcsfuel.com\/es\/wp-json\/wp\/v2\/types\/page"}],"author":[{"embeddable":true,"href":"https:\/\/www.tcsfuel.com\/es\/wp-json\/wp\/v2\/users\/1"}],"replies":[{"embeddable":true,"href":"https:\/\/www.tcsfuel.com\/es\/wp-json\/wp\/v2\/comments?post=7746"}],"version-history":[{"count":0,"href":"https:\/\/www.tcsfuel.com\/es\/wp-json\/wp\/v2\/pages\/7746\/revisions"}],"up":[{"embeddable":true,"href":"https:\/\/www.tcsfuel.com\/es\/wp-json\/wp\/v2\/pages\/7753"}],"wp:attachment":[{"href":"https:\/\/www.tcsfuel.com\/es\/wp-json\/wp\/v2\/media?parent=7746"}],"curies":[{"name":"wp","href":"https:\/\/api.w.org\/{rel}","templated":true}]}}